{"id":971,"date":"2025-01-20T18:57:10","date_gmt":"2025-01-20T17:57:10","guid":{"rendered":"https:\/\/tso-art.com\/?page_id=971"},"modified":"2025-01-22T16:16:46","modified_gmt":"2025-01-22T15:16:46","slug":"vivian-maier","status":"publish","type":"page","link":"https:\/\/tso-art.com\/?page_id=971","title":{"rendered":"Vivian Maier"},"content":{"rendered":"\t\t<div data-elementor-type=\"wp-page\" data-elementor-id=\"971\" class=\"elementor elementor-971\" data-elementor-post-type=\"page\">\n\t\t\t\t<div class=\"elementor-element elementor-element-6730fe1 e-flex e-con-boxed e-con e-parent\" data-id=\"6730fe1\" data-element_type=\"container\" data-e-type=\"container\">\n\t\t\t\t\t<div class=\"e-con-inner\">\n\t\t\t\t<div class=\"elementor-element elementor-element-92785be elementor-position-top elementor-widget elementor-widget-image-box\" data-id=\"92785be\" data-element_type=\"widget\" data-e-type=\"widget\" data-widget_type=\"image-box.default\">\n\t\t\t\t<div class=\"elementor-widget-container\">\n\t\t\t\t\t<div class=\"elementor-image-box-wrapper\"><figure class=\"elementor-image-box-img\"><img fetchpriority=\"high\" decoding=\"async\" width=\"536\" height=\"802\" src=\"https:\/\/tso-art.com\/wp-content\/uploads\/2025\/01\/copertina-libro.jpg\" class=\"attachment-full size-full wp-image-973\" alt=\"\" srcset=\"https:\/\/tso-art.com\/wp-content\/uploads\/2025\/01\/copertina-libro.jpg 536w, https:\/\/tso-art.com\/wp-content\/uploads\/2025\/01\/copertina-libro-200x300.jpg 200w\" sizes=\"(max-width: 536px) 100vw, 536px\" \/><\/figure><div class=\"elementor-image-box-content\"><h3 class=\"elementor-image-box-title\">Vita di Vivian Maier. La storia sconosciuta di una donna libera.<br><\/h3><\/div><\/div>\t\t\t\t<\/div>\n\t\t\t\t<\/div>\n\t\t<div class=\"elementor-element elementor-element-0ea85ca e-con-full e-flex e-con e-child\" data-id=\"0ea85ca\" data-element_type=\"container\" data-e-type=\"container\">\n\t\t\t\t<div class=\"elementor-element elementor-element-cfd730a elementor-widget elementor-widget-text-editor\" data-id=\"cfd730a\" data-element_type=\"widget\" data-e-type=\"widget\" data-widget_type=\"text-editor.default\">\n\t\t\t\t<div class=\"elementor-widget-container\">\n\t\t\t\t\t\t\t\t\t<h6>Chi di noi non ha sentito nominare almeno una volta il nome di Vivian Maier, la misteriosa e quasi invisibile fotografa americana di New York?<\/h6><h6><b>Vivian Maier<\/b> \u00e8 una delle figure pi\u00f9 enigmatiche e affascinanti della storia della fotografia. Nata a New York il 1\u00b0 febbraio 1926 e cresciuta tra gli Stati Uniti e la Francia, Maier visse una vita apparentemente ordinaria come tata, ma dietro questa facciata si celava un&#8217;artista straordinaria. La sua vasta produzione fotografica \u00e8 rimasta sconosciuta fino a dopo la sua morte nel 2009, quando una serie di negativi e stampe vennero scoperti per caso, rivelando il talento di una fotografa capace di catturare l&#8217;essenza della vita urbana del XX secolo.<\/h6>\t\t\t\t\t\t\t\t<\/div>\n\t\t\t\t<\/div>\n\t\t\t\t<\/div>\n\t\t\t\t\t<\/div>\n\t\t\t\t<\/div>\n\t\t<div class=\"elementor-element elementor-element-0753023 e-flex e-con-boxed e-con e-parent\" data-id=\"0753023\" data-element_type=\"container\" data-e-type=\"container\">\n\t\t\t\t\t<div class=\"e-con-inner\">\n\t\t\t\t<div class=\"elementor-element elementor-element-e51c15b elementor-widget__width-initial elementor-widget elementor-widget-image\" data-id=\"e51c15b\" data-element_type=\"widget\" data-e-type=\"widget\" data-widget_type=\"image.default\">\n\t\t\t\t<div class=\"elementor-widget-container\">\n\t\t\t\t\t\t\t\t\t\t\t\t\t\t\t<img decoding=\"async\" width=\"800\" height=\"800\" src=\"https:\/\/tso-art.com\/wp-content\/uploads\/2025\/01\/1025-1024x1024.jpg\" class=\"attachment-large size-large wp-image-1168\" alt=\"\" srcset=\"https:\/\/tso-art.com\/wp-content\/uploads\/2025\/01\/1025-1024x1024.jpg 1024w, https:\/\/tso-art.com\/wp-content\/uploads\/2025\/01\/1025-300x300.jpg 300w, https:\/\/tso-art.com\/wp-content\/uploads\/2025\/01\/1025-150x150.jpg 150w, https:\/\/tso-art.com\/wp-content\/uploads\/2025\/01\/1025-768x768.jpg 768w, https:\/\/tso-art.com\/wp-content\/uploads\/2025\/01\/1025.jpg 1100w\" sizes=\"(max-width: 800px) 100vw, 800px\" \/>\t\t\t\t\t\t\t\t\t\t\t\t\t\t\t<\/div>\n\t\t\t\t<\/div>\n\t\t\t\t\t<\/div>\n\t\t\t\t<\/div>\n\t\t<div class=\"elementor-element elementor-element-d529ebe e-flex e-con-boxed e-con e-parent\" data-id=\"d529ebe\" data-element_type=\"container\" data-e-type=\"container\">\n\t\t\t\t\t<div class=\"e-con-inner\">\n\t\t\t\t<div class=\"elementor-element elementor-element-9b76e35 elementor-widget elementor-widget-text-editor\" data-id=\"9b76e35\" data-element_type=\"widget\" data-e-type=\"widget\" data-widget_type=\"text-editor.default\">\n\t\t\t\t<div class=\"elementor-widget-container\">\n\t\t\t\t\t\t\t\t\t<h6>La scoperta di Vivian Maier \u00e8 avvenuta grazie a John Maloof, un giovane storico che, nel 2007, acquist\u00f2 all&#8217;asta una scatola contenente negativi non sviluppati. Curioso, Maloof inizi\u00f2 a sviluppare le immagini e si rese conto di avere tra le mani un corpus straordinario di fotografie che documentavano la vita quotidiana di Chicago, New York e altre citt\u00e0 americane, oltre a ritratti intimi e paesaggi. Da quel momento, Maloof dedic\u00f2 la sua vita a portare alla luce l&#8217;opera di Maier, organizzando mostre e pubblicando libri che ne celebrano il genio artistico.<\/h6><h6>Le fotografie di Maier sono caratterizzate da un senso acuto di osservazione e da una sensibilit\u00e0 straordinaria nel catturare momenti fugaci. Prediligeva il formato quadrato e utilizzava spesso una Rolleiflex, una macchina fotografica che le permetteva di scattare fotografie senza portare la macchina all&#8217;occhio, rendendosi cos\u00ec meno evidente ai soggetti. Questo approccio discreto le consentiva di catturare espressioni autentiche e situazioni spontanee.<\/h6>\t\t\t\t\t\t\t\t<\/div>\n\t\t\t\t<\/div>\n\t\t\t\t\t<\/div>\n\t\t\t\t<\/div>\n\t\t<div class=\"elementor-element elementor-element-f305097 e-flex e-con-boxed e-con e-parent\" data-id=\"f305097\" data-element_type=\"container\" data-e-type=\"container\">\n\t\t\t\t\t<div class=\"e-con-inner\">\n\t\t\t\t<div class=\"elementor-element elementor-element-11fbd8c elementor-widget__width-initial elementor-widget elementor-widget-image\" data-id=\"11fbd8c\" data-element_type=\"widget\" data-e-type=\"widget\" data-widget_type=\"image.default\">\n\t\t\t\t<div class=\"elementor-widget-container\">\n\t\t\t\t\t\t\t\t\t\t\t\t\t\t\t<img decoding=\"async\" width=\"800\" height=\"800\" src=\"https:\/\/tso-art.com\/wp-content\/uploads\/2025\/01\/VM19XXW00779-04-MC-1024x1024.jpg\" class=\"attachment-large size-large wp-image-1169\" alt=\"\" srcset=\"https:\/\/tso-art.com\/wp-content\/uploads\/2025\/01\/VM19XXW00779-04-MC-1024x1024.jpg 1024w, https:\/\/tso-art.com\/wp-content\/uploads\/2025\/01\/VM19XXW00779-04-MC-300x300.jpg 300w, https:\/\/tso-art.com\/wp-content\/uploads\/2025\/01\/VM19XXW00779-04-MC-150x150.jpg 150w, https:\/\/tso-art.com\/wp-content\/uploads\/2025\/01\/VM19XXW00779-04-MC-768x768.jpg 768w, https:\/\/tso-art.com\/wp-content\/uploads\/2025\/01\/VM19XXW00779-04-MC.jpg 1100w\" sizes=\"(max-width: 800px) 100vw, 800px\" \/>\t\t\t\t\t\t\t\t\t\t\t\t\t\t\t<\/div>\n\t\t\t\t<\/div>\n\t\t\t\t\t<\/div>\n\t\t\t\t<\/div>\n\t\t<div class=\"elementor-element elementor-element-1af8c12 e-flex e-con-boxed e-con e-parent\" data-id=\"1af8c12\" data-element_type=\"container\" data-e-type=\"container\">\n\t\t\t\t\t<div class=\"e-con-inner\">\n\t\t\t\t<div class=\"elementor-element elementor-element-337784b elementor-widget elementor-widget-text-editor\" data-id=\"337784b\" data-element_type=\"widget\" data-e-type=\"widget\" data-widget_type=\"text-editor.default\">\n\t\t\t\t<div class=\"elementor-widget-container\">\n\t\t\t\t\t\t\t\t\t<h6>Le sue immagini spaziano dai ritratti di bambini e anziani ai dettagli architettonici, dai riflessi nelle vetrine ai giochi di luce e ombra. Ogni scatto \u00e8 intriso di una profonda umanit\u00e0 e di una curiosit\u00e0 per le vite altrui, che Maier osservava con rispetto e compassione.<\/h6><h6>Nonostante la mole di informazioni emerse sulla sua opera, la vita personale di Maier rimane avvolta nel mistero. Era una persona riservata, quasi ossessivamente protettiva della sua privacy. I bambini di cui si occupava ricordano una figura eccentrica, con un forte accento francese e un&#8217;insaziabile passione per la fotografia. Sembra che non abbia mai cercato di esporre o vendere le sue opere, lasciando oltre 150.000 negativi, molti dei quali non sviluppati, come un&#8217;eredit\u00e0 silenziosa.<\/h6>\t\t\t\t\t\t\t\t<\/div>\n\t\t\t\t<\/div>\n\t\t\t\t\t<\/div>\n\t\t\t\t<\/div>\n\t\t<div class=\"elementor-element elementor-element-6c1cec8 e-flex e-con-boxed e-con e-parent\" data-id=\"6c1cec8\" data-element_type=\"container\" data-e-type=\"container\">\n\t\t\t\t\t<div class=\"e-con-inner\">\n\t\t\t\t<div class=\"elementor-element elementor-element-15cc693 elementor-widget__width-initial elementor-widget elementor-widget-image\" data-id=\"15cc693\" data-element_type=\"widget\" data-e-type=\"widget\" data-widget_type=\"image.default\">\n\t\t\t\t<div class=\"elementor-widget-container\">\n\t\t\t\t\t\t\t\t\t\t\t\t\t\t\t<img loading=\"lazy\" decoding=\"async\" width=\"800\" height=\"800\" src=\"https:\/\/tso-art.com\/wp-content\/uploads\/2025\/01\/VM19XXW04206-02-MC-1024x1024.jpg\" class=\"attachment-large size-large wp-image-1170\" alt=\"\" srcset=\"https:\/\/tso-art.com\/wp-content\/uploads\/2025\/01\/VM19XXW04206-02-MC-1024x1024.jpg 1024w, https:\/\/tso-art.com\/wp-content\/uploads\/2025\/01\/VM19XXW04206-02-MC-300x300.jpg 300w, https:\/\/tso-art.com\/wp-content\/uploads\/2025\/01\/VM19XXW04206-02-MC-150x150.jpg 150w, https:\/\/tso-art.com\/wp-content\/uploads\/2025\/01\/VM19XXW04206-02-MC-768x768.jpg 768w, https:\/\/tso-art.com\/wp-content\/uploads\/2025\/01\/VM19XXW04206-02-MC.jpg 1100w\" sizes=\"(max-width: 800px) 100vw, 800px\" \/>\t\t\t\t\t\t\t\t\t\t\t\t\t\t\t<\/div>\n\t\t\t\t<\/div>\n\t\t\t\t\t<\/div>\n\t\t\t\t<\/div>\n\t\t<div class=\"elementor-element elementor-element-bdf7b07 e-flex e-con-boxed e-con e-parent\" data-id=\"bdf7b07\" data-element_type=\"container\" data-e-type=\"container\">\n\t\t\t\t\t<div class=\"e-con-inner\">\n\t\t\t\t<div class=\"elementor-element elementor-element-69ad4e6 elementor-widget elementor-widget-text-editor\" data-id=\"69ad4e6\" data-element_type=\"widget\" data-e-type=\"widget\" data-widget_type=\"text-editor.default\">\n\t\t\t\t<div class=\"elementor-widget-container\">\n\t\t\t\t\t\t\t\t\t<h6>La sua storia \u00e8 stata raccontata in numerosi libri e in un documentario, <strong>Finding Vivian Maier<\/strong> (2013), che hanno contribuito a consolidare il suo status di icona artistica.<\/h6><h6>Noi di TSO abbiamo approfondito la vita di questa misteriosa artista e abbiamo letto la sua biografia Vita di Vivian Maier. La storia sconosciuta di una donna libera.<\/h6><h6>&#8220;Vita di Vivian Maier. La storia sconosciuta di una donna libera&#8221; \u00e8 una biografia dettagliata e avvincente scritta da Ann Marks, pubblicata da UTET nel 2022. Il libro esplora la vita enigmatica di Vivian, una tata con una passione segreta per la fotografia, le cui opere sono state scoperte solo dopo la sua morte, rivelando un talento straordinario.<\/h6>\t\t\t\t\t\t\t\t<\/div>\n\t\t\t\t<\/div>\n\t\t\t\t\t<\/div>\n\t\t\t\t<\/div>\n\t\t<div class=\"elementor-element elementor-element-53fb610 e-flex e-con-boxed e-con e-parent\" data-id=\"53fb610\" data-element_type=\"container\" data-e-type=\"container\">\n\t\t\t\t\t<div class=\"e-con-inner\">\n\t\t\t\t<div class=\"elementor-element elementor-element-8ab1ab4 elementor-widget__width-initial elementor-widget elementor-widget-image\" data-id=\"8ab1ab4\" data-element_type=\"widget\" data-e-type=\"widget\" data-widget_type=\"image.default\">\n\t\t\t\t<div class=\"elementor-widget-container\">\n\t\t\t\t\t\t\t\t\t\t\t\t\t\t\t<img loading=\"lazy\" decoding=\"async\" width=\"800\" height=\"800\" src=\"https:\/\/tso-art.com\/wp-content\/uploads\/2025\/01\/VM1954W00094-09-MC-1024x1024.jpg\" class=\"attachment-large size-large wp-image-1171\" alt=\"\" srcset=\"https:\/\/tso-art.com\/wp-content\/uploads\/2025\/01\/VM1954W00094-09-MC-1024x1024.jpg 1024w, https:\/\/tso-art.com\/wp-content\/uploads\/2025\/01\/VM1954W00094-09-MC-300x300.jpg 300w, https:\/\/tso-art.com\/wp-content\/uploads\/2025\/01\/VM1954W00094-09-MC-150x150.jpg 150w, https:\/\/tso-art.com\/wp-content\/uploads\/2025\/01\/VM1954W00094-09-MC-768x768.jpg 768w, https:\/\/tso-art.com\/wp-content\/uploads\/2025\/01\/VM1954W00094-09-MC.jpg 1100w\" sizes=\"(max-width: 800px) 100vw, 800px\" \/>\t\t\t\t\t\t\t\t\t\t\t\t\t\t\t<\/div>\n\t\t\t\t<\/div>\n\t\t\t\t\t<\/div>\n\t\t\t\t<\/div>\n\t\t<div class=\"elementor-element elementor-element-2efd0bc e-flex e-con-boxed e-con e-parent\" data-id=\"2efd0bc\" data-element_type=\"container\" data-e-type=\"container\">\n\t\t\t\t\t<div class=\"e-con-inner\">\n\t\t\t\t<div class=\"elementor-element elementor-element-df0e986 elementor-widget elementor-widget-text-editor\" data-id=\"df0e986\" data-element_type=\"widget\" data-e-type=\"widget\" data-widget_type=\"text-editor.default\">\n\t\t\t\t<div class=\"elementor-widget-container\">\n\t\t\t\t\t\t\t\t\t<h6>Marks conduce un&#8217;indagine approfondita, ricostruendo l&#8217;esistenza di Maier attraverso fotografie, documenti e testimonianze. Il risultato \u00e8 un ritratto sfaccettato di una donna complessa, che ha sfidato le convenzioni sociali del suo tempo per perseguire la sua arte in modo indipendente. La biografia offre uno sguardo intimo sulla sua infanzia difficile, le sue esperienze lavorative e la sua dedizione alla fotografia di strada, che ha immortalato la vita urbana americana del XX secolo.<\/h6><h6>Il libro \u00e8 arricchito da numerose fotografie di Maier, che illustrano il suo occhio attento per i dettagli e la sua capacit\u00e0 di catturare momenti spontanei. La narrazione di Marks \u00e8 coinvolgente e ben documentata, offrendo una comprensione profonda della personalit\u00e0 e delle motivazioni di Maier.<\/h6><h6>&#8220;Vita di Vivian Maier&#8221; \u00e8 una lettura imprescindibile per chiunque sia interessato alla fotografia, alle biografie di donne straordinarie e alle storie di talenti nascosti. Il libro rende giustizia a una figura affascinante, la cui opera continua a ispirare e intrigare il pubblico di tutto il mondo.<\/h6>\t\t\t\t\t\t\t\t<\/div>\n\t\t\t\t<\/div>\n\t\t\t\t\t<\/div>\n\t\t\t\t<\/div>\n\t\t<div class=\"elementor-element elementor-element-6b61f73 e-flex e-con-boxed e-con e-parent\" data-id=\"6b61f73\" data-element_type=\"container\" data-e-type=\"container\">\n\t\t\t\t\t<div class=\"e-con-inner\">\n\t\t\t\t<div class=\"elementor-element elementor-element-29869ca elementor-widget__width-initial elementor-widget elementor-widget-image\" data-id=\"29869ca\" data-element_type=\"widget\" data-e-type=\"widget\" data-widget_type=\"image.default\">\n\t\t\t\t<div class=\"elementor-widget-container\">\n\t\t\t\t\t\t\t\t\t\t\t\t\t\t\t<img loading=\"lazy\" decoding=\"async\" width=\"800\" height=\"800\" src=\"https:\/\/tso-art.com\/wp-content\/uploads\/2025\/01\/VM1954W00194-05-MC-1024x1024.jpg\" class=\"attachment-large size-large wp-image-1172\" alt=\"\" srcset=\"https:\/\/tso-art.com\/wp-content\/uploads\/2025\/01\/VM1954W00194-05-MC-1024x1024.jpg 1024w, https:\/\/tso-art.com\/wp-content\/uploads\/2025\/01\/VM1954W00194-05-MC-300x300.jpg 300w, https:\/\/tso-art.com\/wp-content\/uploads\/2025\/01\/VM1954W00194-05-MC-150x150.jpg 150w, https:\/\/tso-art.com\/wp-content\/uploads\/2025\/01\/VM1954W00194-05-MC-768x768.jpg 768w, https:\/\/tso-art.com\/wp-content\/uploads\/2025\/01\/VM1954W00194-05-MC.jpg 1100w\" sizes=\"(max-width: 800px) 100vw, 800px\" \/>\t\t\t\t\t\t\t\t\t\t\t\t\t\t\t<\/div>\n\t\t\t\t<\/div>\n\t\t\t\t\t<\/div>\n\t\t\t\t<\/div>\n\t\t<div class=\"elementor-element elementor-element-aaeddac e-flex e-con-boxed e-con e-parent\" data-id=\"aaeddac\" data-element_type=\"container\" data-e-type=\"container\">\n\t\t\t\t\t<div class=\"e-con-inner\">\n\t\t\t\t<div class=\"elementor-element elementor-element-b412210 elementor-widget elementor-widget-text-editor\" data-id=\"b412210\" data-element_type=\"widget\" data-e-type=\"widget\" data-widget_type=\"text-editor.default\">\n\t\t\t\t<div class=\"elementor-widget-container\">\n\t\t\t\t\t\t\t\t\t<h6><strong>Editore<\/strong>: \u200e UTET; Illustrated edizione (17 maggio 2022)<\/h6><h6><strong>Lingua<\/strong>: \u200e Italiano<\/h6><h6><b>Copertina rigida:<\/b> 380 pagine<\/h6><h6><strong>ISBN-10<\/strong>:\u200e 8851185603<\/h6><h6><b>Sito web:\u00a0<a href=\"https:\/\/www.vivianmaier.com\/\">https:\/\/www.vivianmaier.com\/<\/a><\/b><\/h6>\t\t\t\t\t\t\t\t<\/div>\n\t\t\t\t<\/div>\n\t\t\t\t\t<\/div>\n\t\t\t\t<\/div>\n\t\t\t\t<\/div>\n\t\t","protected":false},"excerpt":{"rendered":"<p>Vita di Vivian Maier. La storia sconosciuta di una donna libera. Chi di noi non ha sentito nominare almeno una volta il nome di Vivian Maier, la misteriosa e quasi invisibile fotografa americana di New York? Vivian Maier \u00e8 una delle figure pi\u00f9 enigmatiche e affascinanti della storia della fotografia. Nata a New York il [&hellip;]<\/p>\n","protected":false},"author":1,"featured_media":0,"parent":0,"menu_order":0,"comment_status":"closed","ping_status":"closed","template":"","meta":{"_monsterinsights_skip_tracking":false,"_monsterinsights_sitenote_active":false,"_monsterinsights_sitenote_note":"","_monsterinsights_sitenote_category":0,"footnotes":""},"class_list":["post-971","page","type-page","status-publish","hentry"],"aioseo_notices":[],"_links":{"self":[{"href":"https:\/\/tso-art.com\/index.php?rest_route=\/wp\/v2\/pages\/971","targetHints":{"allow":["GET"]}}],"collection":[{"href":"https:\/\/tso-art.com\/index.php?rest_route=\/wp\/v2\/pages"}],"about":[{"href":"https:\/\/tso-art.com\/index.php?rest_route=\/wp\/v2\/types\/page"}],"author":[{"embeddable":true,"href":"https:\/\/tso-art.com\/index.php?rest_route=\/wp\/v2\/users\/1"}],"replies":[{"embeddable":true,"href":"https:\/\/tso-art.com\/index.php?rest_route=%2Fwp%2Fv2%2Fcomments&post=971"}],"version-history":[{"count":22,"href":"https:\/\/tso-art.com\/index.php?rest_route=\/wp\/v2\/pages\/971\/revisions"}],"predecessor-version":[{"id":1179,"href":"https:\/\/tso-art.com\/index.php?rest_route=\/wp\/v2\/pages\/971\/revisions\/1179"}],"wp:attachment":[{"href":"https:\/\/tso-art.com\/index.php?rest_route=%2Fwp%2Fv2%2Fmedia&parent=971"}],"curies":[{"name":"wp","href":"https:\/\/api.w.org\/{rel}","templated":true}]}}