{"id":55,"date":"2024-11-20T12:28:47","date_gmt":"2024-11-20T11:28:47","guid":{"rendered":"https:\/\/tso-art.com\/?page_id=55"},"modified":"2026-01-05T11:30:12","modified_gmt":"2026-01-05T10:30:12","slug":"fotografia","status":"publish","type":"page","link":"https:\/\/tso-art.com\/?page_id=55","title":{"rendered":"Fotografia"},"content":{"rendered":"\t\t<div data-elementor-type=\"wp-page\" data-elementor-id=\"55\" class=\"elementor elementor-55\" data-elementor-post-type=\"page\">\n\t\t\t\t<div class=\"elementor-element elementor-element-c8ffbce e-flex e-con-boxed e-con e-parent\" data-id=\"c8ffbce\" data-element_type=\"container\" data-e-type=\"container\">\n\t\t\t\t\t<div class=\"e-con-inner\">\n\t\t\t\t<div class=\"elementor-element elementor-element-982d470 elementor-widget elementor-widget-text-editor\" data-id=\"982d470\" data-element_type=\"widget\" data-e-type=\"widget\" data-widget_type=\"text-editor.default\">\n\t\t\t\t<div class=\"elementor-widget-container\">\n\t\t\t\t\t\t\t\t\t<h6>In questa sezione celebriamo il potere della fotografia attraverso progetti unici e innovativi realizzati da talenti emergenti. Ogni scatto racconta una storia, cattura emozioni e immortala attimi irripetibili.<\/h6><h6>Diamo spazio a giovani fotografi che, con passione e creativit\u00e0, offrono nuove prospettive sul mondo che ci circonda. Esploriamo i loro progetti di particolare rilievo, scoprendo visioni audaci, tecniche sperimentali e temi che stimolano la riflessione.<\/h6><h6>Ogni mese selezioneremo un progetto fotografico che ha colpito noi di TSO e ve ne racconteremo la storia. Potremmo osservare scatti meravigliosi, immergerci nel racconto e lasciarci trasportare in luoghi e spazi lontani e sconosciuti.<\/h6>\t\t\t\t\t\t\t\t<\/div>\n\t\t\t\t<\/div>\n\t\t\t\t\t<\/div>\n\t\t\t\t<\/div>\n\t\t<div class=\"elementor-element elementor-element-44ea233 e-flex e-con-boxed e-con e-parent\" data-id=\"44ea233\" data-element_type=\"container\" data-e-type=\"container\">\n\t\t\t\t\t<div class=\"e-con-inner\">\n\t\t\t\t<div class=\"elementor-element elementor-element-4f2c0fc elementor-widget-divider--view-line elementor-widget elementor-widget-divider\" data-id=\"4f2c0fc\" data-element_type=\"widget\" data-e-type=\"widget\" data-widget_type=\"divider.default\">\n\t\t\t\t<div class=\"elementor-widget-container\">\n\t\t\t\t\t\t\t<div class=\"elementor-divider\">\n\t\t\t<span class=\"elementor-divider-separator\">\n\t\t\t\t\t\t<\/span>\n\t\t<\/div>\n\t\t\t\t\t\t<\/div>\n\t\t\t\t<\/div>\n\t\t\t\t\t<\/div>\n\t\t\t\t<\/div>\n\t\t<div class=\"elementor-element elementor-element-1e944a7 e-flex e-con-boxed e-con e-parent\" data-id=\"1e944a7\" data-element_type=\"container\" data-e-type=\"container\">\n\t\t\t\t\t<div class=\"e-con-inner\">\n\t\t\t\t<div class=\"elementor-element elementor-element-25f34a5 elementor-widget elementor-widget-heading\" data-id=\"25f34a5\" data-element_type=\"widget\" data-e-type=\"widget\" data-widget_type=\"heading.default\">\n\t\t\t\t<div class=\"elementor-widget-container\">\n\t\t\t\t\t<h2 class=\"elementor-heading-title elementor-size-default\">Progetto del mese <b>\"La Madonna delle galline\"<\/b><br>di Ugo Villani<\/h2>\t\t\t\t<\/div>\n\t\t\t\t<\/div>\n\t\t\t\t\t<\/div>\n\t\t\t\t<\/div>\n\t\t<div class=\"elementor-element elementor-element-b093abf e-flex e-con-boxed e-con e-parent\" data-id=\"b093abf\" data-element_type=\"container\" data-e-type=\"container\">\n\t\t\t\t\t<div class=\"e-con-inner\">\n\t\t\t\t<div class=\"elementor-element elementor-element-848ef31 elementor-widget elementor-widget-text-editor\" data-id=\"848ef31\" data-element_type=\"widget\" data-e-type=\"widget\" data-widget_type=\"text-editor.default\">\n\t\t\t\t<div class=\"elementor-widget-container\">\n\t\t\t\t\t\t\t\t\t<h6 class=\"p1\">La leggenda delle galline che, razzolando, riportarono alla luce il volto di Maria \u00e8 diventata, in oltrequattro secoli, un rituale che trabocca nei cortili e nei vicoli di Pagani.\u00a0<\/h6><h6 class=\"p1\">Questa serie si dispiega incinque respiri: il suono cresce fino al delirio e poi svanisce con un ultimo colpo di tamburo. LaMadonna non \u00e8 solo una figura: \u00e8 ritmo, citt\u00e0, animale, donna e tempo. Tutto nasce da lei e in lei siripiega \u2014 e nei balconi che la aspettano, anno dopo anno.<\/h6>\t\t\t\t\t\t\t\t<\/div>\n\t\t\t\t<\/div>\n\t\t\t\t\t<\/div>\n\t\t\t\t<\/div>\n\t\t<div class=\"elementor-element elementor-element-7f2eebe e-flex e-con-boxed e-con e-parent\" data-id=\"7f2eebe\" data-element_type=\"container\" data-e-type=\"container\">\n\t\t\t\t\t<div class=\"e-con-inner\">\n\t\t\t\t<div class=\"elementor-element elementor-element-9889fde elementor-cta--skin-cover elementor-cta--valign-bottom elementor-widget__width-initial elementor-widget-mobile__width-initial elementor-animated-content elementor-bg-transform elementor-bg-transform-zoom-in elementor-widget elementor-widget-call-to-action\" data-id=\"9889fde\" data-element_type=\"widget\" data-e-type=\"widget\" data-widget_type=\"call-to-action.default\">\n\t\t\t\t<div class=\"elementor-widget-container\">\n\t\t\t\t\t\t\t<div class=\"elementor-cta\">\n\t\t\t\t\t<div class=\"elementor-cta__bg-wrapper\">\n\t\t\t\t<div class=\"elementor-cta__bg elementor-bg\" style=\"background-image: url(https:\/\/tso-art.com\/wp-content\/uploads\/2026\/01\/03.jpg);\" role=\"img\" aria-label=\"03\"><\/div>\n\t\t\t\t<div class=\"elementor-cta__bg-overlay\"><\/div>\n\t\t\t<\/div>\n\t\t\t\t\t\t\t<div class=\"elementor-cta__content\">\n\t\t\t\t\n\t\t\t\t\n\t\t\t\t\n\t\t\t\t\t\t\t\t\t<div class=\"elementor-cta__button-wrapper elementor-cta__content-item elementor-content-item elementor-animated-item--grow\">\n\t\t\t\t\t<a class=\"elementor-cta__button elementor-button elementor-size-\" href=\"https:\/\/tso-art.com\/?page_id=3125\">\n\t\t\t\t\t\tVisualizza la galleria completa\t\t\t\t\t<\/a>\n\t\t\t\t\t<\/div>\n\t\t\t\t\t\t\t<\/div>\n\t\t\t\t\t\t<\/div>\n\t\t\t\t\t\t<\/div>\n\t\t\t\t<\/div>\n\t\t\t\t\t<\/div>\n\t\t\t\t<\/div>\n\t\t<div class=\"elementor-element elementor-element-f96ecf7 e-flex e-con-boxed e-con e-parent\" data-id=\"f96ecf7\" data-element_type=\"container\" data-e-type=\"container\">\n\t\t\t\t\t<div class=\"e-con-inner\">\n\t\t\t\t<div class=\"elementor-element elementor-element-a489973 elementor-widget-divider--view-line elementor-widget elementor-widget-divider\" data-id=\"a489973\" data-element_type=\"widget\" data-e-type=\"widget\" data-widget_type=\"divider.default\">\n\t\t\t\t<div class=\"elementor-widget-container\">\n\t\t\t\t\t\t\t<div class=\"elementor-divider\">\n\t\t\t<span class=\"elementor-divider-separator\">\n\t\t\t\t\t\t<\/span>\n\t\t<\/div>\n\t\t\t\t\t\t<\/div>\n\t\t\t\t<\/div>\n\t\t\t\t\t<\/div>\n\t\t\t\t<\/div>\n\t\t<div class=\"elementor-element elementor-element-e93025c e-flex e-con-boxed e-con e-parent\" data-id=\"e93025c\" data-element_type=\"container\" data-e-type=\"container\">\n\t\t\t\t\t<div class=\"e-con-inner\">\n\t\t\t\t<div class=\"elementor-element elementor-element-51af5e8 elementor-position-left elementor-vertical-align-middle elementor-widget elementor-widget-image-box\" data-id=\"51af5e8\" data-element_type=\"widget\" data-e-type=\"widget\" data-widget_type=\"image-box.default\">\n\t\t\t\t<div class=\"elementor-widget-container\">\n\t\t\t\t\t<div class=\"elementor-image-box-wrapper\"><figure class=\"elementor-image-box-img\"><a href=\"https:\/\/www.ugovillani.eu\/\" target=\"_blank\" tabindex=\"-1\"><img fetchpriority=\"high\" decoding=\"async\" width=\"1080\" height=\"1080\" src=\"https:\/\/tso-art.com\/wp-content\/uploads\/2026\/01\/foto-profilo.jpg\" class=\"attachment-full size-full wp-image-3594\" alt=\"\" srcset=\"https:\/\/tso-art.com\/wp-content\/uploads\/2026\/01\/foto-profilo.jpg 1080w, https:\/\/tso-art.com\/wp-content\/uploads\/2026\/01\/foto-profilo-300x300.jpg 300w, https:\/\/tso-art.com\/wp-content\/uploads\/2026\/01\/foto-profilo-1024x1024.jpg 1024w, https:\/\/tso-art.com\/wp-content\/uploads\/2026\/01\/foto-profilo-150x150.jpg 150w, https:\/\/tso-art.com\/wp-content\/uploads\/2026\/01\/foto-profilo-768x768.jpg 768w\" sizes=\"(max-width: 1080px) 100vw, 1080px\" \/><\/a><\/figure><div class=\"elementor-image-box-content\"><h3 class=\"elementor-image-box-title\"><a href=\"https:\/\/www.ugovillani.eu\/\" target=\"_blank\">Biografia<\/a><\/h3><p class=\"elementor-image-box-description\">Ugo Villani (1978) architetto e fotografo a Salerno. Laureato in Progettazione Architettonica\nall\u2019Universit\u00e0 degli Studi di Napoli Federico II, dal 2008 lavora presso Studio Villani Architettura,\noccupandosi di progettazione, ristrutturazioni d\u2019interni e arredi su misura. Nello stesso periodo si\navvicina alla fotografia, trovando nel bianco e nero il suo linguaggio: luce, geometria e presenza\numana nello spazio urbano. Il suo lavoro unisce architettura, street photography e paesaggio urbano\nalla ricerca di tensioni tra ordine e caos, sacro e quotidiano. Le sue immagini sono state esposte in\nItalia e pubblicate su riviste di settore.\n\n <b>\"In un tempo densificato, fotografo per comprendere e rielaborare il mondo che mi circonda, dove\nl\u2019architettura diventa trama e la presenza umana respiro.\"<\/b><\/p><\/div><\/div>\t\t\t\t<\/div>\n\t\t\t\t<\/div>\n\t\t\t\t\t<\/div>\n\t\t\t\t<\/div>\n\t\t<div class=\"elementor-element elementor-element-da3f019 e-flex e-con-boxed e-con e-parent\" data-id=\"da3f019\" data-element_type=\"container\" data-e-type=\"container\">\n\t\t\t\t\t<div class=\"e-con-inner\">\n\t\t\t\t<div class=\"elementor-element elementor-element-820dba8 elementor-widget elementor-widget-text-editor\" data-id=\"820dba8\" data-element_type=\"widget\" data-e-type=\"widget\" data-widget_type=\"text-editor.default\">\n\t\t\t\t<div class=\"elementor-widget-container\">\n\t\t\t\t\t\t\t\t\t<h6><strong>Sito Web:<\/strong> <a href=\"https:\/\/www.ugovillani.eu\/\" target=\"_blank\" rel=\"noopener\">https:\/\/www.ugovillani.eu\/<\/a><\/h6>\t\t\t\t\t\t\t\t<\/div>\n\t\t\t\t<\/div>\n\t\t\t\t\t<\/div>\n\t\t\t\t<\/div>\n\t\t<div class=\"elementor-element elementor-element-f4c413c e-flex e-con-boxed e-con e-parent\" data-id=\"f4c413c\" data-element_type=\"container\" data-e-type=\"container\">\n\t\t\t\t\t<div class=\"e-con-inner\">\n\t\t\t\t<div class=\"elementor-element elementor-element-067dd87 elementor-view-default elementor-widget elementor-widget-icon\" data-id=\"067dd87\" data-element_type=\"widget\" data-e-type=\"widget\" data-widget_type=\"icon.default\">\n\t\t\t\t<div class=\"elementor-widget-container\">\n\t\t\t\t\t\t\t<div class=\"elementor-icon-wrapper\">\n\t\t\t<a class=\"elementor-icon elementor-animation-pulse\" href=\"https:\/\/www.instagram.com\/archineos\/\" target=\"_blank\">\n\t\t\t<svg aria-hidden=\"true\" class=\"e-font-icon-svg e-fab-instagram\" viewBox=\"0 0 448 512\" xmlns=\"http:\/\/www.w3.org\/2000\/svg\"><path d=\"M224.1 141c-63.6 0-114.9 51.3-114.9 114.9s51.3 114.9 114.9 114.9S339 319.5 339 255.9 287.7 141 224.1 141zm0 189.6c-41.1 0-74.7-33.5-74.7-74.7s33.5-74.7 74.7-74.7 74.7 33.5 74.7 74.7-33.6 74.7-74.7 74.7zm146.4-194.3c0 14.9-12 26.8-26.8 26.8-14.9 0-26.8-12-26.8-26.8s12-26.8 26.8-26.8 26.8 12 26.8 26.8zm76.1 27.2c-1.7-35.9-9.9-67.7-36.2-93.9-26.2-26.2-58-34.4-93.9-36.2-37-2.1-147.9-2.1-184.9 0-35.8 1.7-67.6 9.9-93.9 36.1s-34.4 58-36.2 93.9c-2.1 37-2.1 147.9 0 184.9 1.7 35.9 9.9 67.7 36.2 93.9s58 34.4 93.9 36.2c37 2.1 147.9 2.1 184.9 0 35.9-1.7 67.7-9.9 93.9-36.2 26.2-26.2 34.4-58 36.2-93.9 2.1-37 2.1-147.8 0-184.8zM398.8 388c-7.8 19.6-22.9 34.7-42.6 42.6-29.5 11.7-99.5 9-132.1 9s-102.7 2.6-132.1-9c-19.6-7.8-34.7-22.9-42.6-42.6-11.7-29.5-9-99.5-9-132.1s-2.6-102.7 9-132.1c7.8-19.6 22.9-34.7 42.6-42.6 29.5-11.7 99.5-9 132.1-9s102.7-2.6 132.1 9c19.6 7.8 34.7 22.9 42.6 42.6 11.7 29.5 9 99.5 9 132.1s2.7 102.7-9 132.1z\"><\/path><\/svg>\t\t\t<\/a>\n\t\t<\/div>\n\t\t\t\t\t\t<\/div>\n\t\t\t\t<\/div>\n\t\t\t\t\t<\/div>\n\t\t\t\t<\/div>\n\t\t<div class=\"elementor-element elementor-element-3c71008 e-flex e-con-boxed e-con e-parent\" data-id=\"3c71008\" data-element_type=\"container\" data-e-type=\"container\">\n\t\t\t\t\t<div class=\"e-con-inner\">\n\t\t\t\t<div class=\"elementor-element elementor-element-36d3617 elementor-widget elementor-widget-text-editor\" data-id=\"36d3617\" data-element_type=\"widget\" data-e-type=\"widget\" data-widget_type=\"text-editor.default\">\n\t\t\t\t<div class=\"elementor-widget-container\">\n\t\t\t\t\t\t\t\t\t<div class=\"flex-shrink-0 flex flex-col relative items-end\"><div><div class=\"pt-0\"><div class=\"gizmo-bot-avatar flex h-8 w-8 items-center justify-center overflow-hidden rounded-full\"><h6 class=\"relative p-1 rounded-sm flex items-center justify-center bg-token-main-surface-primary text-token-text-primary h-8 w-8\"><strong style=\"font-size: 16px;\">La tua opinione conta!<\/strong><span style=\"font-size: 16px;\">\u00a0<\/span><\/h6><\/div><\/div><\/div><\/div><div class=\"group\/conversation-turn relative flex w-full min-w-0 flex-col agent-turn\"><div class=\"flex-col gap-1 md:gap-3\"><div class=\"flex max-w-full flex-col flex-grow\"><div class=\"min-h-8 text-message flex w-full flex-col items-end gap-2 whitespace-normal break-words text-start [.text-message+&amp;]:mt-5\" dir=\"auto\" data-message-author-role=\"assistant\" data-message-id=\"01305d85-8dd7-4b48-98ac-64a8556676b4\" data-message-model-slug=\"gpt-4o\"><div class=\"flex w-full flex-col gap-1 empty:hidden first:pt-[3px]\"><div class=\"markdown prose w-full break-words dark:prose-invert light\"><h6>TSO \u00e8 uno spazio di condivisione, ispirazione e confronto. Ogni progetto nasce per emozionare, stimolare riflessioni e creare connessioni. <strong>Cosa ne pensi?<\/strong><\/h6><h6>Lascia un commento qui sotto e facci sapere la tua opinione!\u00a0<br \/>Le tue parole sono parte del nostro viaggio creativo. <strong>Facciamolo insieme!<\/strong>\u00a0<\/h6><\/div><\/div><\/div><\/div><\/div><\/div>\t\t\t\t\t\t\t\t<\/div>\n\t\t\t\t<\/div>\n\t\t\t\t\t<\/div>\n\t\t\t\t<\/div>\n\t\t<div class=\"elementor-element elementor-element-fd37bb7 e-con-full e-flex e-con e-parent\" data-id=\"fd37bb7\" data-element_type=\"container\" data-e-type=\"container\">\n\t\t\t\t<div class=\"elementor-element elementor-element-25a1714 elementor-view-default elementor-widget elementor-widget-icon\" data-id=\"25a1714\" data-element_type=\"widget\" data-e-type=\"widget\" data-widget_type=\"icon.default\">\n\t\t\t\t<div class=\"elementor-widget-container\">\n\t\t\t\t\t\t\t<div class=\"elementor-icon-wrapper\">\n\t\t\t<div class=\"elementor-icon\">\n\t\t\t<svg aria-hidden=\"true\" class=\"e-font-icon-svg e-fas-arrow-circle-down\" viewBox=\"0 0 512 512\" xmlns=\"http:\/\/www.w3.org\/2000\/svg\"><path d=\"M504 256c0 137-111 248-248 248S8 393 8 256 119 8 256 8s248 111 248 248zm-143.6-28.9L288 302.6V120c0-13.3-10.7-24-24-24h-16c-13.3 0-24 10.7-24 24v182.6l-72.4-75.5c-9.3-9.7-24.8-9.9-34.3-.4l-10.9 11c-9.4 9.4-9.4 24.6 0 33.9L239 404.3c9.4 9.4 24.6 9.4 33.9 0l132.7-132.7c9.4-9.4 9.4-24.6 0-33.9l-10.9-11c-9.5-9.5-25-9.3-34.3.4z\"><\/path><\/svg>\t\t\t<\/div>\n\t\t<\/div>\n\t\t\t\t\t\t<\/div>\n\t\t\t\t<\/div>\n\t\t\t\t<\/div>\n\t\t\t\t<\/div>\n\t\t","protected":false},"excerpt":{"rendered":"<p>In questa sezione celebriamo il potere della fotografia attraverso progetti unici e innovativi realizzati da talenti emergenti. Ogni scatto racconta una storia, cattura emozioni e immortala attimi irripetibili. Diamo spazio a giovani fotografi che, con passione e creativit\u00e0, offrono nuove prospettive sul mondo che ci circonda. Esploriamo i loro progetti di particolare rilievo, scoprendo visioni [&hellip;]<\/p>\n","protected":false},"author":1,"featured_media":0,"parent":0,"menu_order":0,"comment_status":"open","ping_status":"closed","template":"","meta":{"_monsterinsights_skip_tracking":false,"_monsterinsights_sitenote_active":false,"_monsterinsights_sitenote_note":"","_monsterinsights_sitenote_category":0,"footnotes":""},"class_list":["post-55","page","type-page","status-publish","hentry"],"aioseo_notices":[],"_links":{"self":[{"href":"https:\/\/tso-art.com\/index.php?rest_route=\/wp\/v2\/pages\/55","targetHints":{"allow":["GET"]}}],"collection":[{"href":"https:\/\/tso-art.com\/index.php?rest_route=\/wp\/v2\/pages"}],"about":[{"href":"https:\/\/tso-art.com\/index.php?rest_route=\/wp\/v2\/types\/page"}],"author":[{"embeddable":true,"href":"https:\/\/tso-art.com\/index.php?rest_route=\/wp\/v2\/users\/1"}],"replies":[{"embeddable":true,"href":"https:\/\/tso-art.com\/index.php?rest_route=%2Fwp%2Fv2%2Fcomments&post=55"}],"version-history":[{"count":160,"href":"https:\/\/tso-art.com\/index.php?rest_route=\/wp\/v2\/pages\/55\/revisions"}],"predecessor-version":[{"id":3636,"href":"https:\/\/tso-art.com\/index.php?rest_route=\/wp\/v2\/pages\/55\/revisions\/3636"}],"wp:attachment":[{"href":"https:\/\/tso-art.com\/index.php?rest_route=%2Fwp%2Fv2%2Fmedia&parent=55"}],"curies":[{"name":"wp","href":"https:\/\/api.w.org\/{rel}","templated":true}]}}