{"id":51,"date":"2024-11-20T12:28:05","date_gmt":"2024-11-20T11:28:05","guid":{"rendered":"https:\/\/tso-art.com\/?page_id=51"},"modified":"2026-01-28T23:07:38","modified_gmt":"2026-01-28T22:07:38","slug":"blog","status":"publish","type":"page","link":"https:\/\/tso-art.com\/?page_id=51","title":{"rendered":"Blog"},"content":{"rendered":"\t\t<div data-elementor-type=\"wp-page\" data-elementor-id=\"51\" class=\"elementor elementor-51\" data-elementor-post-type=\"page\">\n\t\t\t\t<div class=\"elementor-element elementor-element-89a9251 e-flex e-con-boxed e-con e-parent\" data-id=\"89a9251\" data-element_type=\"container\" data-e-type=\"container\">\n\t\t\t\t\t<div class=\"e-con-inner\">\n\t\t\t\t<div class=\"elementor-element elementor-element-4cc643a elementor-grid-3 elementor-grid-tablet-2 elementor-grid-mobile-1 elementor-posts--thumbnail-top elementor-card-shadow-yes elementor-posts__hover-gradient elementor-widget elementor-widget-posts\" data-id=\"4cc643a\" data-element_type=\"widget\" data-e-type=\"widget\" data-settings=\"{&quot;pagination_type&quot;:&quot;numbers_and_prev_next&quot;,&quot;cards_columns&quot;:&quot;3&quot;,&quot;cards_columns_tablet&quot;:&quot;2&quot;,&quot;cards_columns_mobile&quot;:&quot;1&quot;,&quot;cards_row_gap&quot;:{&quot;unit&quot;:&quot;px&quot;,&quot;size&quot;:35,&quot;sizes&quot;:[]},&quot;cards_row_gap_tablet&quot;:{&quot;unit&quot;:&quot;px&quot;,&quot;size&quot;:&quot;&quot;,&quot;sizes&quot;:[]},&quot;cards_row_gap_mobile&quot;:{&quot;unit&quot;:&quot;px&quot;,&quot;size&quot;:&quot;&quot;,&quot;sizes&quot;:[]}}\" data-widget_type=\"posts.cards\">\n\t\t\t\t<div class=\"elementor-widget-container\">\n\t\t\t\t\t\t\t<div class=\"elementor-posts-container elementor-posts elementor-posts--skin-cards elementor-grid\">\n\t\t\t\t<article class=\"elementor-post elementor-grid-item post-3735 post type-post status-publish format-standard has-post-thumbnail hentry category-arte\">\n\t\t\t<div class=\"elementor-post__card\">\n\t\t\t\t<a class=\"elementor-post__thumbnail__link\" href=\"https:\/\/tso-art.com\/?p=3735\" tabindex=\"-1\" ><div class=\"elementor-post__thumbnail\"><img fetchpriority=\"high\" decoding=\"async\" width=\"300\" height=\"169\" src=\"https:\/\/tso-art.com\/wp-content\/uploads\/2026\/01\/gen-video-agnes-martin-video-still-300x169.webp\" class=\"attachment-medium size-medium wp-image-3736\" alt=\"\" srcset=\"https:\/\/tso-art.com\/wp-content\/uploads\/2026\/01\/gen-video-agnes-martin-video-still-300x169.webp 300w, https:\/\/tso-art.com\/wp-content\/uploads\/2026\/01\/gen-video-agnes-martin-video-still-1024x576.webp 1024w, https:\/\/tso-art.com\/wp-content\/uploads\/2026\/01\/gen-video-agnes-martin-video-still-768x432.webp 768w, https:\/\/tso-art.com\/wp-content\/uploads\/2026\/01\/gen-video-agnes-martin-video-still.webp 1080w\" sizes=\"(max-width: 300px) 100vw, 300px\" \/><\/div><\/a>\n\t\t\t\t<div class=\"elementor-post__badge\">Arte<\/div>\n\t\t\t\t<div class=\"elementor-post__text\">\n\t\t\t\t<h3 class=\"elementor-post__title\">\n\t\t\t<a href=\"https:\/\/tso-art.com\/?p=3735\" >\n\t\t\t\tAgnes Martin: il rituale della lentezza nelle griglie del silenzio\t\t\t<\/a>\n\t\t<\/h3>\n\t\t\t\t<div class=\"elementor-post__excerpt\">\n\t\t\t<p>L\u2019arte \u00e8 l\u2019espressione della felicit\u00e0, dello stato mentale che si raggiunge quando si \u00e8 in pace. Parlare di Agnes Martin significa entrare in un\u2019idea di arte che assomiglia molto a un rituale quotidiano, fatto di concentrazione, ripetizione e silenzio, perfettamente<\/p>\n\t\t<\/div>\n\t\t\n\t\t<a class=\"elementor-post__read-more\" href=\"https:\/\/tso-art.com\/?p=3735\" aria-label=\"Read more about Agnes Martin: il rituale della lentezza nelle griglie del silenzio\" tabindex=\"-1\" >\n\t\t\tcontinua a leggere \u00bb\t\t<\/a>\n\n\t\t\t\t<\/div>\n\t\t\t\t<div class=\"elementor-post__meta-data\">\n\t\t\t\t\t<span class=\"elementor-post-date\">\n\t\t\t30 Gennaio 2026\t\t<\/span>\n\t\t\t\t<span class=\"elementor-post-avatar\">\n\t\t\tNessun commento\t\t<\/span>\n\t\t\t\t<\/div>\n\t\t\t\t\t<\/div>\n\t\t<\/article>\n\t\t\t\t<article class=\"elementor-post elementor-grid-item post-3721 post type-post status-publish format-standard has-post-thumbnail hentry category-fotografia\">\n\t\t\t<div class=\"elementor-post__card\">\n\t\t\t\t<a class=\"elementor-post__thumbnail__link\" href=\"https:\/\/tso-art.com\/?p=3721\" tabindex=\"-1\" ><div class=\"elementor-post__thumbnail\"><img decoding=\"async\" width=\"300\" height=\"200\" src=\"https:\/\/tso-art.com\/wp-content\/uploads\/2026\/01\/FBHAWY2MTJGAFFM5R3JP33IXCM-300x200.webp\" class=\"attachment-medium size-medium wp-image-3722\" alt=\"\" srcset=\"https:\/\/tso-art.com\/wp-content\/uploads\/2026\/01\/FBHAWY2MTJGAFFM5R3JP33IXCM-300x200.webp 300w, https:\/\/tso-art.com\/wp-content\/uploads\/2026\/01\/FBHAWY2MTJGAFFM5R3JP33IXCM-1024x683.webp 1024w, https:\/\/tso-art.com\/wp-content\/uploads\/2026\/01\/FBHAWY2MTJGAFFM5R3JP33IXCM-768x512.webp 768w, https:\/\/tso-art.com\/wp-content\/uploads\/2026\/01\/FBHAWY2MTJGAFFM5R3JP33IXCM.webp 1080w\" sizes=\"(max-width: 300px) 100vw, 300px\" \/><\/div><\/a>\n\t\t\t\t<div class=\"elementor-post__badge\">Fotografia<\/div>\n\t\t\t\t<div class=\"elementor-post__text\">\n\t\t\t\t<h3 class=\"elementor-post__title\">\n\t\t\t<a href=\"https:\/\/tso-art.com\/?p=3721\" >\n\t\t\t\tTonika Lewis Johnson \u2013\u00a0Everyday Rituals\t\t\t<\/a>\n\t\t<\/h3>\n\t\t\t\t<div class=\"elementor-post__excerpt\">\n\t\t\t<p>I rituali di Tonika Lewis Johnson non hanno candele, incenso o simboli espliciti. Sono fatti di letti rifatti al mattino, capelli intrecciati in cucina, pranzi in famiglia, bambini che giocano sul marciapiede. Con il progetto Everyday Rituals, la fotografa e<\/p>\n\t\t<\/div>\n\t\t\n\t\t<a class=\"elementor-post__read-more\" href=\"https:\/\/tso-art.com\/?p=3721\" aria-label=\"Read more about Tonika Lewis Johnson \u2013\u00a0Everyday Rituals\" tabindex=\"-1\" >\n\t\t\tcontinua a leggere \u00bb\t\t<\/a>\n\n\t\t\t\t<\/div>\n\t\t\t\t<div class=\"elementor-post__meta-data\">\n\t\t\t\t\t<span class=\"elementor-post-date\">\n\t\t\t23 Gennaio 2026\t\t<\/span>\n\t\t\t\t<span class=\"elementor-post-avatar\">\n\t\t\tNessun commento\t\t<\/span>\n\t\t\t\t<\/div>\n\t\t\t\t\t<\/div>\n\t\t<\/article>\n\t\t\t\t<article class=\"elementor-post elementor-grid-item post-3702 post type-post status-publish format-standard has-post-thumbnail hentry category-fotografia\">\n\t\t\t<div class=\"elementor-post__card\">\n\t\t\t\t<a class=\"elementor-post__thumbnail__link\" href=\"https:\/\/tso-art.com\/?p=3702\" tabindex=\"-1\" ><div class=\"elementor-post__thumbnail\"><img decoding=\"async\" width=\"300\" height=\"150\" src=\"https:\/\/tso-art.com\/wp-content\/uploads\/2026\/01\/CRISTINA-GARCIA-RODERO-1-300x150.webp\" class=\"attachment-medium size-medium wp-image-3703\" alt=\"\" srcset=\"https:\/\/tso-art.com\/wp-content\/uploads\/2026\/01\/CRISTINA-GARCIA-RODERO-1-300x150.webp 300w, https:\/\/tso-art.com\/wp-content\/uploads\/2026\/01\/CRISTINA-GARCIA-RODERO-1-1024x512.webp 1024w, https:\/\/tso-art.com\/wp-content\/uploads\/2026\/01\/CRISTINA-GARCIA-RODERO-1-768x384.webp 768w, https:\/\/tso-art.com\/wp-content\/uploads\/2026\/01\/CRISTINA-GARCIA-RODERO-1.webp 1080w\" sizes=\"(max-width: 300px) 100vw, 300px\" \/><\/div><\/a>\n\t\t\t\t<div class=\"elementor-post__badge\">Fotografia<\/div>\n\t\t\t\t<div class=\"elementor-post__text\">\n\t\t\t\t<h3 class=\"elementor-post__title\">\n\t\t\t<a href=\"https:\/\/tso-art.com\/?p=3702\" >\n\t\t\t\tCristina Garc\u00eda Rodero Nel fuoco del rito: \u201cESPA\u00d1A OCULTA\u201d e la Spagna che brucia sotto la pelle.\t\t\t<\/a>\n\t\t<\/h3>\n\t\t\t\t<div class=\"elementor-post__excerpt\">\n\t\t\t<p>Non mi interessava fotografare le feste, ma ci\u00f2 che succede alle persone dentro quei momenti. Bastano queste parole di Cristina Garc\u00eda Rodero, per entrare nel cuore pulsante di Espa\u00f1a Oculta, un progetto che non si limita a mostrare rituali, ma<\/p>\n\t\t<\/div>\n\t\t\n\t\t<a class=\"elementor-post__read-more\" href=\"https:\/\/tso-art.com\/?p=3702\" aria-label=\"Read more about Cristina Garc\u00eda Rodero Nel fuoco del rito: \u201cESPA\u00d1A OCULTA\u201d e la Spagna che brucia sotto la pelle.\" tabindex=\"-1\" >\n\t\t\tcontinua a leggere \u00bb\t\t<\/a>\n\n\t\t\t\t<\/div>\n\t\t\t\t<div class=\"elementor-post__meta-data\">\n\t\t\t\t\t<span class=\"elementor-post-date\">\n\t\t\t15 Gennaio 2026\t\t<\/span>\n\t\t\t\t<span class=\"elementor-post-avatar\">\n\t\t\tNessun commento\t\t<\/span>\n\t\t\t\t<\/div>\n\t\t\t\t\t<\/div>\n\t\t<\/article>\n\t\t\t\t<article class=\"elementor-post elementor-grid-item post-3670 post type-post status-publish format-standard has-post-thumbnail hentry category-fotografia\">\n\t\t\t<div class=\"elementor-post__card\">\n\t\t\t\t<a class=\"elementor-post__thumbnail__link\" href=\"https:\/\/tso-art.com\/?p=3670\" tabindex=\"-1\" ><div class=\"elementor-post__thumbnail\"><img loading=\"lazy\" decoding=\"async\" width=\"298\" height=\"300\" src=\"https:\/\/tso-art.com\/wp-content\/uploads\/2026\/01\/Graciela-Iturbide_SelfPortrait64_1977-298x300.webp\" class=\"attachment-medium size-medium wp-image-3671\" alt=\"\" srcset=\"https:\/\/tso-art.com\/wp-content\/uploads\/2026\/01\/Graciela-Iturbide_SelfPortrait64_1977-298x300.webp 298w, https:\/\/tso-art.com\/wp-content\/uploads\/2026\/01\/Graciela-Iturbide_SelfPortrait64_1977-1017x1024.webp 1017w, https:\/\/tso-art.com\/wp-content\/uploads\/2026\/01\/Graciela-Iturbide_SelfPortrait64_1977-150x150.webp 150w, https:\/\/tso-art.com\/wp-content\/uploads\/2026\/01\/Graciela-Iturbide_SelfPortrait64_1977-768x773.webp 768w, https:\/\/tso-art.com\/wp-content\/uploads\/2026\/01\/Graciela-Iturbide_SelfPortrait64_1977.webp 1080w\" sizes=\"(max-width: 298px) 100vw, 298px\" \/><\/div><\/a>\n\t\t\t\t<div class=\"elementor-post__badge\">Fotografia<\/div>\n\t\t\t\t<div class=\"elementor-post__text\">\n\t\t\t\t<h3 class=\"elementor-post__title\">\n\t\t\t<a href=\"https:\/\/tso-art.com\/?p=3670\" >\n\t\t\t\tLuce, rito e sguardo: Graciela Iturbide e il mistero del quotidiano.\t\t\t<\/a>\n\t\t<\/h3>\n\t\t\t\t<div class=\"elementor-post__excerpt\">\n\t\t\t<p>La fotografia \u00e8 un rituale per me. Salire con la mia macchina, osservare, catturare la parte pi\u00f9 mitica dell\u2019uomo, poi entrare nell\u2019oscurit\u00e0, sviluppare, scegliere il simbolico. Graciela Iturbide \u00e8 una delle voci pi\u00f9 importanti della fotografia messicana e contemporanea. Nata<\/p>\n\t\t<\/div>\n\t\t\n\t\t<a class=\"elementor-post__read-more\" href=\"https:\/\/tso-art.com\/?p=3670\" aria-label=\"Read more about Luce, rito e sguardo: Graciela Iturbide e il mistero del quotidiano.\" tabindex=\"-1\" >\n\t\t\tcontinua a leggere \u00bb\t\t<\/a>\n\n\t\t\t\t<\/div>\n\t\t\t\t<div class=\"elementor-post__meta-data\">\n\t\t\t\t\t<span class=\"elementor-post-date\">\n\t\t\t9 Gennaio 2026\t\t<\/span>\n\t\t\t\t<span class=\"elementor-post-avatar\">\n\t\t\tNessun commento\t\t<\/span>\n\t\t\t\t<\/div>\n\t\t\t\t\t<\/div>\n\t\t<\/article>\n\t\t\t\t<article class=\"elementor-post elementor-grid-item post-3558 post type-post status-publish format-standard has-post-thumbnail hentry category-fotografia\">\n\t\t\t<div class=\"elementor-post__card\">\n\t\t\t\t<a class=\"elementor-post__thumbnail__link\" href=\"https:\/\/tso-art.com\/?p=3558\" tabindex=\"-1\" ><div class=\"elementor-post__thumbnail\"><img loading=\"lazy\" decoding=\"async\" width=\"300\" height=\"296\" src=\"https:\/\/tso-art.com\/wp-content\/uploads\/2025\/12\/Nan_Goldin_2023-300x296.webp\" class=\"attachment-medium size-medium wp-image-3553\" alt=\"\" srcset=\"https:\/\/tso-art.com\/wp-content\/uploads\/2025\/12\/Nan_Goldin_2023-300x296.webp 300w, https:\/\/tso-art.com\/wp-content\/uploads\/2025\/12\/Nan_Goldin_2023-1024x1010.webp 1024w, https:\/\/tso-art.com\/wp-content\/uploads\/2025\/12\/Nan_Goldin_2023-768x757.webp 768w, https:\/\/tso-art.com\/wp-content\/uploads\/2025\/12\/Nan_Goldin_2023.webp 1080w\" sizes=\"(max-width: 300px) 100vw, 300px\" \/><\/div><\/a>\n\t\t\t\t<div class=\"elementor-post__badge\">Fotografia<\/div>\n\t\t\t\t<div class=\"elementor-post__text\">\n\t\t\t\t<h3 class=\"elementor-post__title\">\n\t\t\t<a href=\"https:\/\/tso-art.com\/?p=3558\" >\n\t\t\t\tDentro il Caos con Nan Goldin: vite, ferite e fotografie\t\t\t<\/a>\n\t\t<\/h3>\n\t\t\t\t<div class=\"elementor-post__excerpt\">\n\t\t\t<p>\u00abLa macchina fotografica mi ha dato una voce e un modo per entrare.\u00bb \u2014 Nan Goldin Quando penso a Nan Goldin, la prima parola che mi viene in mente \u00e8 \u201cvero\u201d. Ogni sua fotografia \u00e8 intensa, fragile, a volte dolorosa,<\/p>\n\t\t<\/div>\n\t\t\n\t\t<a class=\"elementor-post__read-more\" href=\"https:\/\/tso-art.com\/?p=3558\" aria-label=\"Read more about Dentro il Caos con Nan Goldin: vite, ferite e fotografie\" tabindex=\"-1\" >\n\t\t\tcontinua a leggere \u00bb\t\t<\/a>\n\n\t\t\t\t<\/div>\n\t\t\t\t<div class=\"elementor-post__meta-data\">\n\t\t\t\t\t<span class=\"elementor-post-date\">\n\t\t\t18 Dicembre 2025\t\t<\/span>\n\t\t\t\t<span class=\"elementor-post-avatar\">\n\t\t\t1 commento\t\t<\/span>\n\t\t\t\t<\/div>\n\t\t\t\t\t<\/div>\n\t\t<\/article>\n\t\t\t\t<article class=\"elementor-post elementor-grid-item post-3537 post type-post status-publish format-standard has-post-thumbnail hentry category-fotografia\">\n\t\t\t<div class=\"elementor-post__card\">\n\t\t\t\t<a class=\"elementor-post__thumbnail__link\" href=\"https:\/\/tso-art.com\/?p=3537\" tabindex=\"-1\" ><div class=\"elementor-post__thumbnail\"><img loading=\"lazy\" decoding=\"async\" width=\"300\" height=\"150\" src=\"https:\/\/tso-art.com\/wp-content\/uploads\/2025\/12\/Roger-Ballen-300x150.webp\" class=\"attachment-medium size-medium wp-image-3538\" alt=\"\" srcset=\"https:\/\/tso-art.com\/wp-content\/uploads\/2025\/12\/Roger-Ballen-300x150.webp 300w, https:\/\/tso-art.com\/wp-content\/uploads\/2025\/12\/Roger-Ballen-1024x512.webp 1024w, https:\/\/tso-art.com\/wp-content\/uploads\/2025\/12\/Roger-Ballen-768x384.webp 768w, https:\/\/tso-art.com\/wp-content\/uploads\/2025\/12\/Roger-Ballen.webp 1080w\" sizes=\"(max-width: 300px) 100vw, 300px\" \/><\/div><\/a>\n\t\t\t\t<div class=\"elementor-post__badge\">Fotografia<\/div>\n\t\t\t\t<div class=\"elementor-post__text\">\n\t\t\t\t<h3 class=\"elementor-post__title\">\n\t\t\t<a href=\"https:\/\/tso-art.com\/?p=3537\" >\n\t\t\t\tRoger Ballen e il Caos: Un Viaggio nell&#8217;Inconscio Fotografico\t\t\t<\/a>\n\t\t<\/h3>\n\t\t\t\t<div class=\"elementor-post__excerpt\">\n\t\t\t<p>Roger Ballen \u00e8 uno dei fotografi pi\u00f9 controversi e affascinanti del panorama artistico contemporaneo. La sua opera rappresenta un&#8217;immersione profonda nel caos dell&#8217;esistenza umana, un territorio oscuro dove razionalit\u00e0 e follia si confondono, dove il confine tra civilt\u00e0 e barbarie<\/p>\n\t\t<\/div>\n\t\t\n\t\t<a class=\"elementor-post__read-more\" href=\"https:\/\/tso-art.com\/?p=3537\" aria-label=\"Read more about Roger Ballen e il Caos: Un Viaggio nell&#8217;Inconscio Fotografico\" tabindex=\"-1\" >\n\t\t\tcontinua a leggere \u00bb\t\t<\/a>\n\n\t\t\t\t<\/div>\n\t\t\t\t<div class=\"elementor-post__meta-data\">\n\t\t\t\t\t<span class=\"elementor-post-date\">\n\t\t\t11 Dicembre 2025\t\t<\/span>\n\t\t\t\t<span class=\"elementor-post-avatar\">\n\t\t\tNessun commento\t\t<\/span>\n\t\t\t\t<\/div>\n\t\t\t\t\t<\/div>\n\t\t<\/article>\n\t\t\t\t<\/div>\n\t\t\n\t\t\t\t<div class=\"e-load-more-anchor\" data-page=\"1\" data-max-page=\"9\" data-next-page=\"https:\/\/tso-art.com\/index.php?rest_route=%2Fwp%2Fv2%2Fpages%2F51&#038;paged=2\"><\/div>\n\t\t\t\t<nav class=\"elementor-pagination\" aria-label=\"Pagination\">\n\t\t\t<span class=\"page-numbers prev\">&laquo; Previous<\/span>\n<span aria-current=\"page\" class=\"page-numbers current\"><span class=\"elementor-screen-only\">Page<\/span>1<\/span>\n<a class=\"page-numbers\" href=\"https:\/\/tso-art.com\/index.php\/?paged=2\"><span class=\"elementor-screen-only\">Page<\/span>2<\/a>\n<a class=\"page-numbers\" href=\"https:\/\/tso-art.com\/index.php\/?paged=3\"><span class=\"elementor-screen-only\">Page<\/span>3<\/a>\n<a class=\"page-numbers\" href=\"https:\/\/tso-art.com\/index.php\/?paged=4\"><span class=\"elementor-screen-only\">Page<\/span>4<\/a>\n<a class=\"page-numbers\" href=\"https:\/\/tso-art.com\/index.php\/?paged=5\"><span class=\"elementor-screen-only\">Page<\/span>5<\/a>\n<a class=\"page-numbers\" href=\"https:\/\/tso-art.com\/index.php\/?paged=6\"><span class=\"elementor-screen-only\">Page<\/span>6<\/a>\n<a class=\"page-numbers\" href=\"https:\/\/tso-art.com\/index.php\/?paged=7\"><span class=\"elementor-screen-only\">Page<\/span>7<\/a>\n<a class=\"page-numbers\" href=\"https:\/\/tso-art.com\/index.php\/?paged=8\"><span class=\"elementor-screen-only\">Page<\/span>8<\/a>\n<a class=\"page-numbers\" href=\"https:\/\/tso-art.com\/index.php\/?paged=9\"><span class=\"elementor-screen-only\">Page<\/span>9<\/a>\n<a class=\"page-numbers next\" href=\"https:\/\/tso-art.com\/index.php?rest_route=%2Fwp%2Fv2%2Fpages%2F51&#038;paged=2\">Next &raquo;<\/a>\t\t<\/nav>\n\t\t\t\t\t\t<\/div>\n\t\t\t\t<\/div>\n\t\t\t\t\t<\/div>\n\t\t\t\t<\/div>\n\t\t\t\t<\/div>\n\t\t","protected":false},"excerpt":{"rendered":"","protected":false},"author":1,"featured_media":0,"parent":0,"menu_order":0,"comment_status":"closed","ping_status":"closed","template":"","meta":{"_monsterinsights_skip_tracking":false,"_monsterinsights_sitenote_active":false,"_monsterinsights_sitenote_note":"","_monsterinsights_sitenote_category":0,"footnotes":""},"class_list":["post-51","page","type-page","status-publish","hentry"],"aioseo_notices":[],"_links":{"self":[{"href":"https:\/\/tso-art.com\/index.php?rest_route=\/wp\/v2\/pages\/51","targetHints":{"allow":["GET"]}}],"collection":[{"href":"https:\/\/tso-art.com\/index.php?rest_route=\/wp\/v2\/pages"}],"about":[{"href":"https:\/\/tso-art.com\/index.php?rest_route=\/wp\/v2\/types\/page"}],"author":[{"embeddable":true,"href":"https:\/\/tso-art.com\/index.php?rest_route=\/wp\/v2\/users\/1"}],"replies":[{"embeddable":true,"href":"https:\/\/tso-art.com\/index.php?rest_route=%2Fwp%2Fv2%2Fcomments&post=51"}],"version-history":[{"count":70,"href":"https:\/\/tso-art.com\/index.php?rest_route=\/wp\/v2\/pages\/51\/revisions"}],"predecessor-version":[{"id":3755,"href":"https:\/\/tso-art.com\/index.php?rest_route=\/wp\/v2\/pages\/51\/revisions\/3755"}],"wp:attachment":[{"href":"https:\/\/tso-art.com\/index.php?rest_route=%2Fwp%2Fv2%2Fmedia&parent=51"}],"curies":[{"name":"wp","href":"https:\/\/api.w.org\/{rel}","templated":true}]}}