{"id":47,"date":"2024-11-20T12:27:01","date_gmt":"2024-11-20T11:27:01","guid":{"rendered":"https:\/\/tso-art.com\/?page_id=47"},"modified":"2025-01-30T22:22:43","modified_gmt":"2025-01-30T21:22:43","slug":"chi-siamo","status":"publish","type":"page","link":"https:\/\/tso-art.com\/?page_id=47","title":{"rendered":"Chi siamo"},"content":{"rendered":"\t\t<div data-elementor-type=\"wp-page\" data-elementor-id=\"47\" class=\"elementor elementor-47\" data-elementor-post-type=\"page\">\n\t\t\t\t<div class=\"elementor-element elementor-element-1e097cd e-flex e-con-boxed e-con e-parent\" data-id=\"1e097cd\" data-element_type=\"container\" data-e-type=\"container\">\n\t\t\t\t\t<div class=\"e-con-inner\">\n\t\t\t\t<div class=\"elementor-element elementor-element-82e6df7 elementor-widget elementor-widget-text-editor\" data-id=\"82e6df7\" data-element_type=\"widget\" data-e-type=\"widget\" data-widget_type=\"text-editor.default\">\n\t\t\t\t<div class=\"elementor-widget-container\">\n\t\t\t\t\t\t\t\t\t<h6><b>Perch\u00e9 TSO.<\/b><\/h6><h6>T.S.O. (trattamento sanitario obbligatorio) \u00e8 una procedura psichiatrica e invasiva. Prevede <strong>una serie di interventi sanitari che possono essere applicati, in caso di motivata necessit\u00e0 ed urgenza, qualora sussista il rifiuto al trattamento da parte del soggetto che deve ricevere assistenza.\u00a0 <\/strong>Il T.S.O. \u00e8 stato un costante nella vita di diversi cantanti, scrittori, pittori\u2026 In alcuni casi ne ha determinato l\u2019intero percorso artistico.<\/h6><h6>Tra gli artisti che sono stati sottoposti a questa brutale procedura citiamo, ad esempio,<strong>\u00a0<\/strong><\/h6><h6><strong>Vincent van Gogh<\/strong>, pittore post-impressionista, che soffriva di disturbi mentali gravi. Anche se il concetto moderno di T.S.O. non esisteva al suo tempo, \u00e8 stato ricoverato diverse volte in ospedali psichiatrici.<\/h6><h6><strong>Alda Merini<\/strong>, la poetessa \u00e8 stata internata diverse volte in ospedali psichiatrici e ha raccontato queste esperienze nei suoi scritti.<\/h6><h6><strong>Antonin Artaud<\/strong>, drammaturgo, poeta e attore francese, fu internato per diversi anni in ospedali psichiatrici e sottoposto a terapie come l\u2019elettroshock.<\/h6><h6>E per un certo verso lo stiamo subendo anche noi un T.S.O., un Trattamento SOCIALE obbligatorio: dobbiamo essere sempre presenti sui social se vogliamo essere considerati, seguire i dettami di un algoritmo o del mood del momento per avere visibilit\u00e0, costretti a snaturare la nostra creativit\u00e0 in nome del consenso altrui.<\/h6><h6>Noi, con questo progetto, vogliamo dare una connotazione diversa al nome mantenendo la stessa potenza evocativa, trasformandolo in \u201cTempo Sogni Ossessioni\u201d.<\/h6><h6>Crediamo che l\u2019arte, per essere espressa nella sua totalit\u00e0, abbia bisogno di un giusto equilibrio di questi tre elementi, un p\u00f2 come la fotografia ha bisogno di tempi, iso e diaframmi che si incastrino tra loro.<\/h6><h6>Tramite il nostro progetto, vogliamo condividere qualsiasi forma d\u2019 arte abbandonando ogni convenzione sociale.<\/h6><h6><b>Nessun trend, nessuna moda, nessuna imposizione<\/b>.<\/h6>\t\t\t\t\t\t\t\t<\/div>\n\t\t\t\t<\/div>\n\t\t\t\t\t<\/div>\n\t\t\t\t<\/div>\n\t\t<div class=\"elementor-element elementor-element-ae176d4 e-flex e-con-boxed e-con e-parent\" data-id=\"ae176d4\" data-element_type=\"container\" data-e-type=\"container\">\n\t\t\t\t\t<div class=\"e-con-inner\">\n\t\t\t\t<div class=\"elementor-element elementor-element-075ed32 elementor-widget-divider--view-line elementor-widget elementor-widget-divider\" data-id=\"075ed32\" data-element_type=\"widget\" data-e-type=\"widget\" data-widget_type=\"divider.default\">\n\t\t\t\t<div class=\"elementor-widget-container\">\n\t\t\t\t\t\t\t<div class=\"elementor-divider\">\n\t\t\t<span class=\"elementor-divider-separator\">\n\t\t\t\t\t\t<\/span>\n\t\t<\/div>\n\t\t\t\t\t\t<\/div>\n\t\t\t\t<\/div>\n\t\t\t\t\t<\/div>\n\t\t\t\t<\/div>\n\t\t<div class=\"elementor-element elementor-element-76450fb e-flex e-con-boxed e-con e-parent\" data-id=\"76450fb\" data-element_type=\"container\" data-e-type=\"container\">\n\t\t\t\t\t<div class=\"e-con-inner\">\n\t\t<div class=\"elementor-element elementor-element-9a97283 e-con-full e-flex e-con e-child\" data-id=\"9a97283\" data-element_type=\"container\" data-e-type=\"container\">\n\t\t\t\t<div class=\"elementor-element elementor-element-1e2a5f6 elementor-widget elementor-widget-image\" data-id=\"1e2a5f6\" data-element_type=\"widget\" data-e-type=\"widget\" data-widget_type=\"image.default\">\n\t\t\t\t<div class=\"elementor-widget-container\">\n\t\t\t\t\t\t\t\t\t\t\t\t<figure class=\"wp-caption\">\n\t\t\t\t\t\t\t\t\t\t<img fetchpriority=\"high\" decoding=\"async\" width=\"800\" height=\"534\" src=\"https:\/\/tso-art.com\/wp-content\/uploads\/2025\/01\/20240701-DSC_9039-1024x683.webp\" class=\"attachment-large size-large wp-image-1597\" alt=\"\" srcset=\"https:\/\/tso-art.com\/wp-content\/uploads\/2025\/01\/20240701-DSC_9039-1024x683.webp 1024w, https:\/\/tso-art.com\/wp-content\/uploads\/2025\/01\/20240701-DSC_9039-300x200.webp 300w, https:\/\/tso-art.com\/wp-content\/uploads\/2025\/01\/20240701-DSC_9039-768x512.webp 768w, https:\/\/tso-art.com\/wp-content\/uploads\/2025\/01\/20240701-DSC_9039.webp 1080w\" sizes=\"(max-width: 800px) 100vw, 800px\" \/>\t\t\t\t\t\t\t\t\t\t\t<figcaption class=\"widget-image-caption wp-caption-text\">Beatrice Scotacci<\/figcaption>\n\t\t\t\t\t\t\t\t\t\t<\/figure>\n\t\t\t\t\t\t\t\t\t<\/div>\n\t\t\t\t<\/div>\n\t\t\t\t<\/div>\n\t\t<div class=\"elementor-element elementor-element-a96a540 e-con-full e-flex e-con e-child\" data-id=\"a96a540\" data-element_type=\"container\" data-e-type=\"container\">\n\t\t\t\t<div class=\"elementor-element elementor-element-37d6909 elementor-widget elementor-widget-text-editor\" data-id=\"37d6909\" data-element_type=\"widget\" data-e-type=\"widget\" data-widget_type=\"text-editor.default\">\n\t\t\t\t<div class=\"elementor-widget-container\">\n\t\t\t\t\t\t\t\t\t<p>Siamo due fotografi italiani amanti della <strong>streetphotography<\/strong>, ma con una passione che abbraccia la fotografia in tutte le sue forme.<\/p><p>La street photography \u00e8 la nostra base di partenza, il terreno grazie al quale esploriamo la vita reale, le emozioni e i contrasti del quotidiano. Ma non ci fermiamo qui: amiamo sperimentare e approfondire altre aree della fotografia, dall\u2019architettura ai ritratti, dal reportage alla fotografia artistica e concettuale. Ogni ambito fotografico rappresenta per noi una nuova sfida creativa e un\u2019opportunit\u00e0 per ampliare la nostra visione delle cose che ci circondano.<\/p>\t\t\t\t\t\t\t\t<\/div>\n\t\t\t\t<\/div>\n\t\t\t\t<\/div>\n\t\t\t\t\t<\/div>\n\t\t\t\t<\/div>\n\t\t<div class=\"elementor-element elementor-element-e4c30b0 e-flex e-con-boxed e-con e-parent\" data-id=\"e4c30b0\" data-element_type=\"container\" data-e-type=\"container\">\n\t\t\t\t\t<div class=\"e-con-inner\">\n\t\t<div class=\"elementor-element elementor-element-26c3bb4 e-con-full e-flex e-con e-child\" data-id=\"26c3bb4\" data-element_type=\"container\" data-e-type=\"container\">\n\t\t\t\t<div class=\"elementor-element elementor-element-3bacd52 elementor-widget elementor-widget-text-editor\" data-id=\"3bacd52\" data-element_type=\"widget\" data-e-type=\"widget\" data-widget_type=\"text-editor.default\">\n\t\t\t\t<div class=\"elementor-widget-container\">\n\t\t\t\t\t\t\t\t\t<p>Tramite ogni nostro scatto cerchiamo di raccontare la spontaneit\u00e0 e l\u2019autenticit\u00e0 delle persone e degli ambienti urbani, la bellezza dei dettagli, dei paesaggi urbani, dei giochi di luce e colore e soprattutto le storie, sia quelle che provengono direttamente dalla strada sia quelle che creiamo attraverso i nostri progetti fotografici. Il nostro obiettivo \u00e8 comporre immagini che non solo catturino l\u2019occhio, ma che coinvolgano il cuore e la mente di chi le osserva.<\/p>\t\t\t\t\t\t\t\t<\/div>\n\t\t\t\t<\/div>\n\t\t\t\t<\/div>\n\t\t<div class=\"elementor-element elementor-element-c8b2de1 e-con-full e-flex e-con e-child\" data-id=\"c8b2de1\" data-element_type=\"container\" data-e-type=\"container\">\n\t\t\t\t<div class=\"elementor-element elementor-element-5e8a6de elementor-widget elementor-widget-image\" data-id=\"5e8a6de\" data-element_type=\"widget\" data-e-type=\"widget\" data-widget_type=\"image.default\">\n\t\t\t\t<div class=\"elementor-widget-container\">\n\t\t\t\t\t\t\t\t\t\t\t\t<figure class=\"wp-caption\">\n\t\t\t\t\t\t\t\t\t\t<img decoding=\"async\" width=\"800\" height=\"534\" src=\"https:\/\/tso-art.com\/wp-content\/uploads\/2025\/01\/DSCF1857-1-1024x683.webp\" class=\"attachment-large size-large wp-image-1535\" alt=\"\" srcset=\"https:\/\/tso-art.com\/wp-content\/uploads\/2025\/01\/DSCF1857-1-1024x683.webp 1024w, https:\/\/tso-art.com\/wp-content\/uploads\/2025\/01\/DSCF1857-1-300x200.webp 300w, https:\/\/tso-art.com\/wp-content\/uploads\/2025\/01\/DSCF1857-1-768x512.webp 768w, https:\/\/tso-art.com\/wp-content\/uploads\/2025\/01\/DSCF1857-1.webp 1080w\" sizes=\"(max-width: 800px) 100vw, 800px\" \/>\t\t\t\t\t\t\t\t\t\t\t<figcaption class=\"widget-image-caption wp-caption-text\">Samuele Meggiolaro<\/figcaption>\n\t\t\t\t\t\t\t\t\t\t<\/figure>\n\t\t\t\t\t\t\t\t\t<\/div>\n\t\t\t\t<\/div>\n\t\t\t\t<\/div>\n\t\t\t\t\t<\/div>\n\t\t\t\t<\/div>\n\t\t<div class=\"elementor-element elementor-element-eef606d e-flex e-con-boxed e-con e-parent\" data-id=\"eef606d\" data-element_type=\"container\" data-e-type=\"container\">\n\t\t\t\t\t<div class=\"e-con-inner\">\n\t\t<div class=\"elementor-element elementor-element-7aa5749 e-con-full e-flex e-con e-child\" data-id=\"7aa5749\" data-element_type=\"container\" data-e-type=\"container\">\n\t\t\t\t<div class=\"elementor-element elementor-element-04dc6ab elementor-widget elementor-widget-image\" data-id=\"04dc6ab\" data-element_type=\"widget\" data-e-type=\"widget\" data-widget_type=\"image.default\">\n\t\t\t\t<div class=\"elementor-widget-container\">\n\t\t\t\t\t\t\t\t\t\t\t\t<figure class=\"wp-caption\">\n\t\t\t\t\t\t\t\t\t\t<img decoding=\"async\" width=\"800\" height=\"534\" src=\"https:\/\/tso-art.com\/wp-content\/uploads\/2025\/01\/20241126-IMG-20241125-WA0020-1024x683.webp\" class=\"attachment-large size-large wp-image-1598\" alt=\"\" srcset=\"https:\/\/tso-art.com\/wp-content\/uploads\/2025\/01\/20241126-IMG-20241125-WA0020-1024x683.webp 1024w, https:\/\/tso-art.com\/wp-content\/uploads\/2025\/01\/20241126-IMG-20241125-WA0020-300x200.webp 300w, https:\/\/tso-art.com\/wp-content\/uploads\/2025\/01\/20241126-IMG-20241125-WA0020-768x512.webp 768w, https:\/\/tso-art.com\/wp-content\/uploads\/2025\/01\/20241126-IMG-20241125-WA0020.webp 1080w\" sizes=\"(max-width: 800px) 100vw, 800px\" \/>\t\t\t\t\t\t\t\t\t\t\t<figcaption class=\"widget-image-caption wp-caption-text\">Beatrice Scotacci<\/figcaption>\n\t\t\t\t\t\t\t\t\t\t<\/figure>\n\t\t\t\t\t\t\t\t\t<\/div>\n\t\t\t\t<\/div>\n\t\t\t\t<\/div>\n\t\t<div class=\"elementor-element elementor-element-77e0a3c e-con-full e-flex e-con e-child\" data-id=\"77e0a3c\" data-element_type=\"container\" data-e-type=\"container\">\n\t\t\t\t<div class=\"elementor-element elementor-element-1da8078 elementor-widget elementor-widget-text-editor\" data-id=\"1da8078\" data-element_type=\"widget\" data-e-type=\"widget\" data-widget_type=\"text-editor.default\">\n\t\t\t\t<div class=\"elementor-widget-container\">\n\t\t\t\t\t\t\t\t\t<p>L&#8217;arte e la musica sono la linfa vitale per la nostra creativit\u00e0; il nostro lavoro \u00e8 profondamente ispirato e indissolubilmente legato con la musica e la letteratura e contaminato dalla pittura, dalla scultura e dalla grafica. Ci piace guardare, osservare e scoprire cose nuove che arricchiscono quotidianamente la nostra mente influenzando inevitabilmente la nostra visione del mondo.<\/p>\t\t\t\t\t\t\t\t<\/div>\n\t\t\t\t<\/div>\n\t\t\t\t<\/div>\n\t\t\t\t\t<\/div>\n\t\t\t\t<\/div>\n\t\t<div class=\"elementor-element elementor-element-bc646c7 e-flex e-con-boxed e-con e-parent\" data-id=\"bc646c7\" data-element_type=\"container\" data-e-type=\"container\">\n\t\t\t\t\t<div class=\"e-con-inner\">\n\t\t<div class=\"elementor-element elementor-element-a691900 e-con-full e-flex e-con e-child\" data-id=\"a691900\" data-element_type=\"container\" data-e-type=\"container\">\n\t\t\t\t<div class=\"elementor-element elementor-element-962c9e7 elementor-widget elementor-widget-text-editor\" data-id=\"962c9e7\" data-element_type=\"widget\" data-e-type=\"widget\" data-widget_type=\"text-editor.default\">\n\t\t\t\t<div class=\"elementor-widget-container\">\n\t\t\t\t\t\t\t\t\t<p>Un groviglio di stimoli, che a volte diventa vero e proprio caos, che abbiamo voluto riversare in questo posto che rappresenta per noi un grande contenitore a disposizione di tutti e dove l\u2019arte in ogni sua sfaccettatura sar\u00e0 la protagonista.<\/p><h5>\u00a0<\/h5>\t\t\t\t\t\t\t\t<\/div>\n\t\t\t\t<\/div>\n\t\t\t\t<\/div>\n\t\t<div class=\"elementor-element elementor-element-c0eda3b e-con-full e-flex e-con e-child\" data-id=\"c0eda3b\" data-element_type=\"container\" data-e-type=\"container\">\n\t\t\t\t<div class=\"elementor-element elementor-element-73e90ef elementor-widget elementor-widget-image\" data-id=\"73e90ef\" data-element_type=\"widget\" data-e-type=\"widget\" data-widget_type=\"image.default\">\n\t\t\t\t<div class=\"elementor-widget-container\">\n\t\t\t\t\t\t\t\t\t\t\t\t<figure class=\"wp-caption\">\n\t\t\t\t\t\t\t\t\t\t<img loading=\"lazy\" decoding=\"async\" width=\"800\" height=\"534\" src=\"https:\/\/tso-art.com\/wp-content\/uploads\/2025\/01\/P1000555-1-1024x683.webp\" class=\"attachment-large size-large wp-image-1536\" alt=\"\" srcset=\"https:\/\/tso-art.com\/wp-content\/uploads\/2025\/01\/P1000555-1-1024x683.webp 1024w, https:\/\/tso-art.com\/wp-content\/uploads\/2025\/01\/P1000555-1-300x200.webp 300w, https:\/\/tso-art.com\/wp-content\/uploads\/2025\/01\/P1000555-1-768x512.webp 768w, https:\/\/tso-art.com\/wp-content\/uploads\/2025\/01\/P1000555-1.webp 1080w\" sizes=\"(max-width: 800px) 100vw, 800px\" \/>\t\t\t\t\t\t\t\t\t\t\t<figcaption class=\"widget-image-caption wp-caption-text\">Samuele Meggiolaro<\/figcaption>\n\t\t\t\t\t\t\t\t\t\t<\/figure>\n\t\t\t\t\t\t\t\t\t<\/div>\n\t\t\t\t<\/div>\n\t\t\t\t<\/div>\n\t\t\t\t\t<\/div>\n\t\t\t\t<\/div>\n\t\t<div class=\"elementor-element elementor-element-e0dec3b e-flex e-con-boxed e-con e-parent\" data-id=\"e0dec3b\" data-element_type=\"container\" data-e-type=\"container\">\n\t\t\t\t\t<div class=\"e-con-inner\">\n\t\t\t\t<div class=\"elementor-element elementor-element-8db3858 elementor-widget__width-initial elementor-widget-mobile__width-initial elementor-widget elementor-widget-text-editor\" data-id=\"8db3858\" data-element_type=\"widget\" data-e-type=\"widget\" data-widget_type=\"text-editor.default\">\n\t\t\t\t<div class=\"elementor-widget-container\">\n\t\t\t\t\t\t\t\t\t<h5><strong>TSO nasce in una fredda e assolata mattina di met\u00e0 novembre, fuori dalla stazione di Reggio Emilia. E costituisce per noi il luogo dove il Tempo, i Sogni e le Ossessioni troveranno il loro spazio.<\/strong><\/h5>\t\t\t\t\t\t\t\t<\/div>\n\t\t\t\t<\/div>\n\t\t\t\t\t<\/div>\n\t\t\t\t<\/div>\n\t\t<div class=\"elementor-element elementor-element-3d8be13 e-flex e-con-boxed e-con e-parent\" data-id=\"3d8be13\" data-element_type=\"container\" data-e-type=\"container\">\n\t\t\t\t\t<div class=\"e-con-inner\">\n\t\t\t\t<div class=\"elementor-element elementor-element-211385a elementor-widget-divider--view-line elementor-widget elementor-widget-divider\" data-id=\"211385a\" data-element_type=\"widget\" data-e-type=\"widget\" data-widget_type=\"divider.default\">\n\t\t\t\t<div class=\"elementor-widget-container\">\n\t\t\t\t\t\t\t<div class=\"elementor-divider\">\n\t\t\t<span class=\"elementor-divider-separator\">\n\t\t\t\t\t\t<\/span>\n\t\t<\/div>\n\t\t\t\t\t\t<\/div>\n\t\t\t\t<\/div>\n\t\t\t\t\t<\/div>\n\t\t\t\t<\/div>\n\t\t<div class=\"elementor-element elementor-element-d4b91f9 e-flex e-con-boxed e-con e-parent\" data-id=\"d4b91f9\" data-element_type=\"container\" data-e-type=\"container\">\n\t\t\t\t\t<div class=\"e-con-inner\">\n\t\t<div class=\"elementor-element elementor-element-f280b18 e-con-full e-flex e-con e-child\" data-id=\"f280b18\" data-element_type=\"container\" data-e-type=\"container\">\n\t\t\t\t<div class=\"elementor-element elementor-element-ee4295a elementor-widget elementor-widget-image\" data-id=\"ee4295a\" data-element_type=\"widget\" data-e-type=\"widget\" data-widget_type=\"image.default\">\n\t\t\t\t<div class=\"elementor-widget-container\">\n\t\t\t\t\t\t\t\t\t\t\t\t<figure class=\"wp-caption\">\n\t\t\t\t\t\t\t\t\t\t<img loading=\"lazy\" decoding=\"async\" width=\"800\" height=\"534\" src=\"https:\/\/tso-art.com\/wp-content\/uploads\/2024\/11\/DSCF0642-1-1024x683.jpg\" class=\"attachment-large size-large wp-image-275\" alt=\"\" srcset=\"https:\/\/tso-art.com\/wp-content\/uploads\/2024\/11\/DSCF0642-1-1024x683.jpg 1024w, https:\/\/tso-art.com\/wp-content\/uploads\/2024\/11\/DSCF0642-1-300x200.jpg 300w, https:\/\/tso-art.com\/wp-content\/uploads\/2024\/11\/DSCF0642-1-768x512.jpg 768w, https:\/\/tso-art.com\/wp-content\/uploads\/2024\/11\/DSCF0642-1.jpg 1080w\" sizes=\"(max-width: 800px) 100vw, 800px\" \/>\t\t\t\t\t\t\t\t\t\t\t<figcaption class=\"widget-image-caption wp-caption-text\"><\/figcaption>\n\t\t\t\t\t\t\t\t\t\t<\/figure>\n\t\t\t\t\t\t\t\t\t<\/div>\n\t\t\t\t<\/div>\n\t\t\t\t<div class=\"elementor-element elementor-element-d2531b1 elementor-view-default elementor-widget elementor-widget-icon\" data-id=\"d2531b1\" data-element_type=\"widget\" data-e-type=\"widget\" data-widget_type=\"icon.default\">\n\t\t\t\t<div class=\"elementor-widget-container\">\n\t\t\t\t\t\t\t<div class=\"elementor-icon-wrapper\">\n\t\t\t<a class=\"elementor-icon elementor-animation-pulse\" href=\"https:\/\/www.instagram.com\/samuele_meggiolaro?igsh=MWlteXF5bW5iMXFxag==\" target=\"_blank\">\n\t\t\t<svg aria-hidden=\"true\" class=\"e-font-icon-svg e-fab-instagram\" viewBox=\"0 0 448 512\" xmlns=\"http:\/\/www.w3.org\/2000\/svg\"><path d=\"M224.1 141c-63.6 0-114.9 51.3-114.9 114.9s51.3 114.9 114.9 114.9S339 319.5 339 255.9 287.7 141 224.1 141zm0 189.6c-41.1 0-74.7-33.5-74.7-74.7s33.5-74.7 74.7-74.7 74.7 33.5 74.7 74.7-33.6 74.7-74.7 74.7zm146.4-194.3c0 14.9-12 26.8-26.8 26.8-14.9 0-26.8-12-26.8-26.8s12-26.8 26.8-26.8 26.8 12 26.8 26.8zm76.1 27.2c-1.7-35.9-9.9-67.7-36.2-93.9-26.2-26.2-58-34.4-93.9-36.2-37-2.1-147.9-2.1-184.9 0-35.8 1.7-67.6 9.9-93.9 36.1s-34.4 58-36.2 93.9c-2.1 37-2.1 147.9 0 184.9 1.7 35.9 9.9 67.7 36.2 93.9s58 34.4 93.9 36.2c37 2.1 147.9 2.1 184.9 0 35.9-1.7 67.7-9.9 93.9-36.2 26.2-26.2 34.4-58 36.2-93.9 2.1-37 2.1-147.8 0-184.8zM398.8 388c-7.8 19.6-22.9 34.7-42.6 42.6-29.5 11.7-99.5 9-132.1 9s-102.7 2.6-132.1-9c-19.6-7.8-34.7-22.9-42.6-42.6-11.7-29.5-9-99.5-9-132.1s-2.6-102.7 9-132.1c7.8-19.6 22.9-34.7 42.6-42.6 29.5-11.7 99.5-9 132.1-9s102.7-2.6 132.1 9c19.6 7.8 34.7 22.9 42.6 42.6 11.7 29.5 9 99.5 9 132.1s2.7 102.7-9 132.1z\"><\/path><\/svg>\t\t\t<\/a>\n\t\t<\/div>\n\t\t\t\t\t\t<\/div>\n\t\t\t\t<\/div>\n\t\t\t\t<\/div>\n\t\t<div class=\"elementor-element elementor-element-71badce e-con-full e-flex e-con e-child\" data-id=\"71badce\" data-element_type=\"container\" data-e-type=\"container\">\n\t\t\t\t<div class=\"elementor-element elementor-element-2d3bc30 elementor-widget elementor-widget-text-editor\" data-id=\"2d3bc30\" data-element_type=\"widget\" data-e-type=\"widget\" data-widget_type=\"text-editor.default\">\n\t\t\t\t<div class=\"elementor-widget-container\">\n\t\t\t\t\t\t\t\t\t<p class=\"p1\">Nato a Milano nei primi anni 70 sviluppa da subito un avversit\u00e0 alle regole, abbraccia la filosofia Punk come stile di vita, vorrebbe frequentare la facolt\u00e0 di psicologia ma i 5 anni di scuola superiore non gli vanno gi\u00f9 e abbandona la scuola a 16 anni. Da sempre autodidatta, si improvvisa musicista, e lo \u00e8 tuttora, inizia dalle tastiere passando dalla batteria alla chitarra ed ora al basso. La musica \u00e8 l&#8217;amore della sua vita. La passione per la fotografia arriva tardi, la strada da sempre frequentata diventa il luogo preferito per scattare.\u00a0 Sempre dalla parte degli oppressi odia il mondo moderno e le persone che non prendono posizioni nella vita.<\/p>\t\t\t\t\t\t\t\t<\/div>\n\t\t\t\t<\/div>\n\t\t\t\t<\/div>\n\t\t\t\t\t<\/div>\n\t\t\t\t<\/div>\n\t\t<div class=\"elementor-element elementor-element-502a630 e-flex e-con-boxed e-con e-parent\" data-id=\"502a630\" data-element_type=\"container\" data-e-type=\"container\">\n\t\t\t\t\t<div class=\"e-con-inner\">\n\t\t\t\t<div class=\"elementor-element elementor-element-fac8155 elementor-widget-divider--view-line elementor-widget elementor-widget-divider\" data-id=\"fac8155\" data-element_type=\"widget\" data-e-type=\"widget\" data-widget_type=\"divider.default\">\n\t\t\t\t<div class=\"elementor-widget-container\">\n\t\t\t\t\t\t\t<div class=\"elementor-divider\">\n\t\t\t<span class=\"elementor-divider-separator\">\n\t\t\t\t\t\t<\/span>\n\t\t<\/div>\n\t\t\t\t\t\t<\/div>\n\t\t\t\t<\/div>\n\t\t\t\t\t<\/div>\n\t\t\t\t<\/div>\n\t\t<div class=\"elementor-element elementor-element-9f03b51 e-flex e-con-boxed e-con e-parent\" data-id=\"9f03b51\" data-element_type=\"container\" data-e-type=\"container\">\n\t\t\t\t\t<div class=\"e-con-inner\">\n\t\t<div class=\"elementor-element elementor-element-8b26930 e-con-full e-flex e-con e-child\" data-id=\"8b26930\" data-element_type=\"container\" data-e-type=\"container\">\n\t\t\t\t<div class=\"elementor-element elementor-element-574bbc4 elementor-widget__width-inherit elementor-widget elementor-widget-image\" data-id=\"574bbc4\" data-element_type=\"widget\" data-e-type=\"widget\" data-widget_type=\"image.default\">\n\t\t\t\t<div class=\"elementor-widget-container\">\n\t\t\t\t\t\t\t\t\t\t\t\t<figure class=\"wp-caption\">\n\t\t\t\t\t\t\t\t\t\t<img loading=\"lazy\" decoding=\"async\" width=\"576\" height=\"1024\" src=\"https:\/\/tso-art.com\/wp-content\/uploads\/2024\/11\/PHOTO-2024-11-22-17-56-11-576x1024.jpg\" class=\"attachment-large size-large wp-image-287\" alt=\"\" srcset=\"https:\/\/tso-art.com\/wp-content\/uploads\/2024\/11\/PHOTO-2024-11-22-17-56-11-576x1024.jpg 576w, https:\/\/tso-art.com\/wp-content\/uploads\/2024\/11\/PHOTO-2024-11-22-17-56-11-169x300.jpg 169w, https:\/\/tso-art.com\/wp-content\/uploads\/2024\/11\/PHOTO-2024-11-22-17-56-11-768x1365.jpg 768w, https:\/\/tso-art.com\/wp-content\/uploads\/2024\/11\/PHOTO-2024-11-22-17-56-11-864x1536.jpg 864w, https:\/\/tso-art.com\/wp-content\/uploads\/2024\/11\/PHOTO-2024-11-22-17-56-11.jpg 954w\" sizes=\"(max-width: 576px) 100vw, 576px\" \/>\t\t\t\t\t\t\t\t\t\t\t<figcaption class=\"widget-image-caption wp-caption-text\"><\/figcaption>\n\t\t\t\t\t\t\t\t\t\t<\/figure>\n\t\t\t\t\t\t\t\t\t<\/div>\n\t\t\t\t<\/div>\n\t\t\t\t<div class=\"elementor-element elementor-element-ed5f955 elementor-view-default elementor-widget elementor-widget-icon\" data-id=\"ed5f955\" data-element_type=\"widget\" data-e-type=\"widget\" data-widget_type=\"icon.default\">\n\t\t\t\t<div class=\"elementor-widget-container\">\n\t\t\t\t\t\t\t<div class=\"elementor-icon-wrapper\">\n\t\t\t<a class=\"elementor-icon elementor-animation-pulse\" href=\"https:\/\/www.instagram.com\/beasco?igsh=MWh6ZDliMzljOTNleQ==\" target=\"_blank\">\n\t\t\t<svg aria-hidden=\"true\" class=\"e-font-icon-svg e-fab-instagram\" viewBox=\"0 0 448 512\" xmlns=\"http:\/\/www.w3.org\/2000\/svg\"><path d=\"M224.1 141c-63.6 0-114.9 51.3-114.9 114.9s51.3 114.9 114.9 114.9S339 319.5 339 255.9 287.7 141 224.1 141zm0 189.6c-41.1 0-74.7-33.5-74.7-74.7s33.5-74.7 74.7-74.7 74.7 33.5 74.7 74.7-33.6 74.7-74.7 74.7zm146.4-194.3c0 14.9-12 26.8-26.8 26.8-14.9 0-26.8-12-26.8-26.8s12-26.8 26.8-26.8 26.8 12 26.8 26.8zm76.1 27.2c-1.7-35.9-9.9-67.7-36.2-93.9-26.2-26.2-58-34.4-93.9-36.2-37-2.1-147.9-2.1-184.9 0-35.8 1.7-67.6 9.9-93.9 36.1s-34.4 58-36.2 93.9c-2.1 37-2.1 147.9 0 184.9 1.7 35.9 9.9 67.7 36.2 93.9s58 34.4 93.9 36.2c37 2.1 147.9 2.1 184.9 0 35.9-1.7 67.7-9.9 93.9-36.2 26.2-26.2 34.4-58 36.2-93.9 2.1-37 2.1-147.8 0-184.8zM398.8 388c-7.8 19.6-22.9 34.7-42.6 42.6-29.5 11.7-99.5 9-132.1 9s-102.7 2.6-132.1-9c-19.6-7.8-34.7-22.9-42.6-42.6-11.7-29.5-9-99.5-9-132.1s-2.6-102.7 9-132.1c7.8-19.6 22.9-34.7 42.6-42.6 29.5-11.7 99.5-9 132.1-9s102.7-2.6 132.1 9c19.6 7.8 34.7 22.9 42.6 42.6 11.7 29.5 9 99.5 9 132.1s2.7 102.7-9 132.1z\"><\/path><\/svg>\t\t\t<\/a>\n\t\t<\/div>\n\t\t\t\t\t\t<\/div>\n\t\t\t\t<\/div>\n\t\t\t\t<\/div>\n\t\t<div class=\"elementor-element elementor-element-1546ce0 e-con-full e-flex e-con e-child\" data-id=\"1546ce0\" data-element_type=\"container\" data-e-type=\"container\">\n\t\t\t\t<div class=\"elementor-element elementor-element-472d3ea elementor-widget elementor-widget-text-editor\" data-id=\"472d3ea\" data-element_type=\"widget\" data-e-type=\"widget\" data-widget_type=\"text-editor.default\">\n\t\t\t\t<div class=\"elementor-widget-container\">\n\t\t\t\t\t\t\t\t\t<p>Maestra e fotografa di Roma, nata nei meravigliosi anni 80, vive costantemente con la testa tra le nuvole. Amante dell&#8217;arte in ogni sua forma, della poesia, del cinema e della musica, si \u00e8 avvicinata da poco al mondo della fotografia. Vede i suoi scatti prevalentemente in bianco e nero, cerca le geometrie in ogni frame, in ogni suo viaggio cerca di cogliere il bello del posto che visita per custodire nel suo cuore oltre che dietro ai suoi occhi. Appassionata di streetphotography, urban e ritratti di strada, sta tentando faticosamente di addentrarsi nel mondo del reportage per trovare un modo per raccontare con le immagini il fantastico, caotico e romantico mondo che ha nella sua testa.<\/p>\t\t\t\t\t\t\t\t<\/div>\n\t\t\t\t<\/div>\n\t\t\t\t<\/div>\n\t\t\t\t\t<\/div>\n\t\t\t\t<\/div>\n\t\t\t\t<\/div>\n\t\t","protected":false},"excerpt":{"rendered":"<p>Perch\u00e9 TSO. T.S.O. (trattamento sanitario obbligatorio) \u00e8 una procedura psichiatrica e invasiva. Prevede una serie di interventi sanitari che possono essere applicati, in caso di motivata necessit\u00e0 ed urgenza, qualora sussista il rifiuto al trattamento da parte del soggetto che deve ricevere assistenza.\u00a0 Il T.S.O. \u00e8 stato un costante nella vita di diversi cantanti, scrittori, [&hellip;]<\/p>\n","protected":false},"author":1,"featured_media":0,"parent":0,"menu_order":0,"comment_status":"closed","ping_status":"closed","template":"","meta":{"_monsterinsights_skip_tracking":false,"_monsterinsights_sitenote_active":false,"_monsterinsights_sitenote_note":"","_monsterinsights_sitenote_category":0,"footnotes":""},"class_list":["post-47","page","type-page","status-publish","hentry"],"aioseo_notices":[],"_links":{"self":[{"href":"https:\/\/tso-art.com\/index.php?rest_route=\/wp\/v2\/pages\/47","targetHints":{"allow":["GET"]}}],"collection":[{"href":"https:\/\/tso-art.com\/index.php?rest_route=\/wp\/v2\/pages"}],"about":[{"href":"https:\/\/tso-art.com\/index.php?rest_route=\/wp\/v2\/types\/page"}],"author":[{"embeddable":true,"href":"https:\/\/tso-art.com\/index.php?rest_route=\/wp\/v2\/users\/1"}],"replies":[{"embeddable":true,"href":"https:\/\/tso-art.com\/index.php?rest_route=%2Fwp%2Fv2%2Fcomments&post=47"}],"version-history":[{"count":67,"href":"https:\/\/tso-art.com\/index.php?rest_route=\/wp\/v2\/pages\/47\/revisions"}],"predecessor-version":[{"id":1601,"href":"https:\/\/tso-art.com\/index.php?rest_route=\/wp\/v2\/pages\/47\/revisions\/1601"}],"wp:attachment":[{"href":"https:\/\/tso-art.com\/index.php?rest_route=%2Fwp%2Fv2%2Fmedia&parent=47"}],"curies":[{"name":"wp","href":"https:\/\/api.w.org\/{rel}","templated":true}]}}