{"id":2701,"date":"2025-06-11T15:32:08","date_gmt":"2025-06-11T13:32:08","guid":{"rendered":"https:\/\/tso-art.com\/?page_id=2701"},"modified":"2025-06-11T15:35:59","modified_gmt":"2025-06-11T13:35:59","slug":"esercizio-n-1","status":"publish","type":"page","link":"https:\/\/tso-art.com\/?page_id=2701","title":{"rendered":"Esercizio N.1"},"content":{"rendered":"\t\t<div data-elementor-type=\"wp-page\" data-elementor-id=\"2701\" class=\"elementor elementor-2701\" data-elementor-post-type=\"page\">\n\t\t\t\t<div class=\"elementor-element elementor-element-9bd7099 e-flex e-con-boxed e-con e-parent\" data-id=\"9bd7099\" data-element_type=\"container\" data-e-type=\"container\">\n\t\t\t\t\t<div class=\"e-con-inner\">\n\t\t\t\t<div class=\"elementor-element elementor-element-c38ce78 elementor-widget elementor-widget-heading\" data-id=\"c38ce78\" data-element_type=\"widget\" data-e-type=\"widget\" data-widget_type=\"heading.default\">\n\t\t\t\t<div class=\"elementor-widget-container\">\n\t\t\t\t\t<h2 class=\"elementor-heading-title elementor-size-default\">Un Oggetto, Mille Visioni \u2014  Primo esercizio di Creativit\u00e0 Fotografica<\/h2>\t\t\t\t<\/div>\n\t\t\t\t<\/div>\n\t\t\t\t\t<\/div>\n\t\t\t\t<\/div>\n\t\t<div class=\"elementor-element elementor-element-e806350 e-flex e-con-boxed e-con e-parent\" data-id=\"e806350\" data-element_type=\"container\" data-e-type=\"container\">\n\t\t\t\t\t<div class=\"e-con-inner\">\n\t\t\t\t<div class=\"elementor-element elementor-element-abe483d elementor-widget elementor-widget-text-editor\" data-id=\"abe483d\" data-element_type=\"widget\" data-e-type=\"widget\" data-widget_type=\"text-editor.default\">\n\t\t\t\t<div class=\"elementor-widget-container\">\n\t\t\t\t\t\t\t\t\t<h6>Siamo nel mese della creativit\u00e0, e quale occasione migliore per rispolverare la fantasia e dare nuova vita agli oggetti pi\u00f9 semplici? Se sei un fotografo \u2014 che tu stia ancora sperimentando o abbia gi\u00e0 uno zaino pieno di lenti e viaggi \u2014 sai bene che la fotografia non \u00e8 solo tecnica: \u00e8 soprattutto visione. E oggi vi proponiamo un esercizio semplice, ma potentissimo, per risvegliare il tuo occhio creativo.<\/h6><h6><b>Prendi un oggetto qualunque che hai sotto mano. Pu\u00f2 essere una tazza da caff\u00e8, una chiave, una saponetta, una lampadina bruciata, una molletta, persino un paio di occhiali. L\u2019unica regola? Deve essere un oggetto ordinario. Il tuo compito \u00e8 trasformarlo in qualcosa di straordinario, semplicemente guardandolo in modo diverso.<\/b><\/h6><h6>Come farlo? Ecco qualche spunto creativo: sposta l\u2019oggetto vicino a una finestra, usa una torcia, una candela o una luce LED colorata.<\/h6>\t\t\t\t\t\t\t\t<\/div>\n\t\t\t\t<\/div>\n\t\t\t\t\t<\/div>\n\t\t\t\t<\/div>\n\t\t<div class=\"elementor-element elementor-element-7fa9c95 e-flex e-con-boxed e-con e-parent\" data-id=\"7fa9c95\" data-element_type=\"container\" data-e-type=\"container\">\n\t\t\t\t\t<div class=\"e-con-inner\">\n\t\t\t\t<div class=\"elementor-element elementor-element-9688232 elementor-widget elementor-widget-image\" data-id=\"9688232\" data-element_type=\"widget\" data-e-type=\"widget\" data-widget_type=\"image.default\">\n\t\t\t\t<div class=\"elementor-widget-container\">\n\t\t\t\t\t\t\t\t\t\t\t\t<figure class=\"wp-caption\">\n\t\t\t\t\t\t\t\t\t\t<img fetchpriority=\"high\" decoding=\"async\" width=\"1080\" height=\"721\" src=\"https:\/\/tso-art.com\/wp-content\/uploads\/2025\/06\/glass-1.webp\" class=\"attachment-full size-full wp-image-2667\" alt=\"\" srcset=\"https:\/\/tso-art.com\/wp-content\/uploads\/2025\/06\/glass-1.webp 1080w, https:\/\/tso-art.com\/wp-content\/uploads\/2025\/06\/glass-1-300x200.webp 300w, https:\/\/tso-art.com\/wp-content\/uploads\/2025\/06\/glass-1-1024x684.webp 1024w, https:\/\/tso-art.com\/wp-content\/uploads\/2025\/06\/glass-1-768x513.webp 768w\" sizes=\"(max-width: 1080px) 100vw, 1080px\" \/>\t\t\t\t\t\t\t\t\t\t\t<figcaption class=\"widget-image-caption wp-caption-text\">Un semplice bicchiere posto davanti allo schermo del pc<\/figcaption>\n\t\t\t\t\t\t\t\t\t\t<\/figure>\n\t\t\t\t\t\t\t\t\t<\/div>\n\t\t\t\t<\/div>\n\t\t\t\t\t<\/div>\n\t\t\t\t<\/div>\n\t\t<div class=\"elementor-element elementor-element-f7e30da e-flex e-con-boxed e-con e-parent\" data-id=\"f7e30da\" data-element_type=\"container\" data-e-type=\"container\">\n\t\t\t\t\t<div class=\"e-con-inner\">\n\t\t\t\t<div class=\"elementor-element elementor-element-b3a4dbe elementor-widget elementor-widget-text-editor\" data-id=\"b3a4dbe\" data-element_type=\"widget\" data-e-type=\"widget\" data-widget_type=\"text-editor.default\">\n\t\t\t\t<div class=\"elementor-widget-container\">\n\t\t\t\t\t\t\t\t\t<h6><span style=\"color: inherit; font-size: 1rem;\">Gioca con le ombre, con i riflessi, con il controluce. La luce pu\u00f2 letteralmente cambiare la personalit\u00e0 del tuo soggetto. Usa solo luce naturale durante diverse ore del giorno e confronta i risultati. Scatta dall\u2019alto, dal basso, di lato, a testa in gi\u00f9, o inserisci l\u2019oggetto in una scena in cui non ti aspetteresti di trovarlo. Cambiare il punto di vista cambia il significato della foto. Avvicinati. Poi ancora un po&#8217;. Fai un crop stretto e isola un dettaglio: la texture, una curva, una superficie usurata. Spesso ci\u00f2 che non si riconosce subito \u00e8 ci\u00f2 che pi\u00f9 affascina.<\/span><\/h6>\t\t\t\t\t\t\t\t<\/div>\n\t\t\t\t<\/div>\n\t\t\t\t\t<\/div>\n\t\t\t\t<\/div>\n\t\t<div class=\"elementor-element elementor-element-3defff9 e-flex e-con-boxed e-con e-parent\" data-id=\"3defff9\" data-element_type=\"container\" data-e-type=\"container\">\n\t\t\t\t\t<div class=\"e-con-inner\">\n\t\t\t\t<div class=\"elementor-element elementor-element-be8a318 elementor-widget elementor-widget-image\" data-id=\"be8a318\" data-element_type=\"widget\" data-e-type=\"widget\" data-widget_type=\"image.default\">\n\t\t\t\t<div class=\"elementor-widget-container\">\n\t\t\t\t\t\t\t\t\t\t\t\t<figure class=\"wp-caption\">\n\t\t\t\t\t\t\t\t\t\t<img decoding=\"async\" width=\"1080\" height=\"715\" src=\"https:\/\/tso-art.com\/wp-content\/uploads\/2025\/06\/R0000230.webp\" class=\"attachment-full size-full wp-image-2668\" alt=\"\" srcset=\"https:\/\/tso-art.com\/wp-content\/uploads\/2025\/06\/R0000230.webp 1080w, https:\/\/tso-art.com\/wp-content\/uploads\/2025\/06\/R0000230-300x199.webp 300w, https:\/\/tso-art.com\/wp-content\/uploads\/2025\/06\/R0000230-1024x678.webp 1024w, https:\/\/tso-art.com\/wp-content\/uploads\/2025\/06\/R0000230-768x508.webp 768w\" sizes=\"(max-width: 1080px) 100vw, 1080px\" \/>\t\t\t\t\t\t\t\t\t\t\t<figcaption class=\"widget-image-caption wp-caption-text\">Una foglia autunnale fotografata da molto vicino<\/figcaption>\n\t\t\t\t\t\t\t\t\t\t<\/figure>\n\t\t\t\t\t\t\t\t\t<\/div>\n\t\t\t\t<\/div>\n\t\t\t\t\t<\/div>\n\t\t\t\t<\/div>\n\t\t<div class=\"elementor-element elementor-element-15c7c97 e-flex e-con-boxed e-con e-parent\" data-id=\"15c7c97\" data-element_type=\"container\" data-e-type=\"container\">\n\t\t\t\t\t<div class=\"e-con-inner\">\n\t\t\t\t<div class=\"elementor-element elementor-element-3c4d847 elementor-widget elementor-widget-text-editor\" data-id=\"3c4d847\" data-element_type=\"widget\" data-e-type=\"widget\" data-widget_type=\"text-editor.default\">\n\t\t\t\t<div class=\"elementor-widget-container\">\n\t\t\t\t\t\t\t\t\t<h6>Non aver paura di \u201csporcarti le mani\u201d in post. Aggiungi colore dove non c\u2019\u00e8, crea un bianco e nero spinto, sovrapponi texture, gioca con le doppie esposizioni digitali. L\u2019importante \u00e8 non limitarti alla semplice correzione del colore.<\/h6><h6>Metti in scena un\u2019azione: l\u2019oggetto che cade, che ruota, che si muove nel vento. Se hai voglia di sperimentare con tempi lunghi, puoi creare effetti di motion blur o light painting.<\/h6><h6>Cambia completamente il contesto dell\u2019oggetto: una spugna da cucina in un paesaggio naturale, una forchetta su un letto di fiori. Il contrasto crea narrazione, e la narrazione \u00e8 fotografia allo stato puro.<\/h6>\t\t\t\t\t\t\t\t<\/div>\n\t\t\t\t<\/div>\n\t\t\t\t\t<\/div>\n\t\t\t\t<\/div>\n\t\t<div class=\"elementor-element elementor-element-b826ada e-flex e-con-boxed e-con e-parent\" data-id=\"b826ada\" data-element_type=\"container\" data-e-type=\"container\">\n\t\t\t\t\t<div class=\"e-con-inner\">\n\t\t\t\t<div class=\"elementor-element elementor-element-ec23560 elementor-widget elementor-widget-image\" data-id=\"ec23560\" data-element_type=\"widget\" data-e-type=\"widget\" data-widget_type=\"image.default\">\n\t\t\t\t<div class=\"elementor-widget-container\">\n\t\t\t\t\t\t\t\t\t\t\t\t<figure class=\"wp-caption\">\n\t\t\t\t\t\t\t\t\t\t<img decoding=\"async\" width=\"1080\" height=\"720\" src=\"https:\/\/tso-art.com\/wp-content\/uploads\/2025\/06\/IMG_2321.webp\" class=\"attachment-full size-full wp-image-2669\" alt=\"\" srcset=\"https:\/\/tso-art.com\/wp-content\/uploads\/2025\/06\/IMG_2321.webp 1080w, https:\/\/tso-art.com\/wp-content\/uploads\/2025\/06\/IMG_2321-300x200.webp 300w, https:\/\/tso-art.com\/wp-content\/uploads\/2025\/06\/IMG_2321-1024x683.webp 1024w, https:\/\/tso-art.com\/wp-content\/uploads\/2025\/06\/IMG_2321-768x512.webp 768w\" sizes=\"(max-width: 1080px) 100vw, 1080px\" \/>\t\t\t\t\t\t\t\t\t\t\t<figcaption class=\"widget-image-caption wp-caption-text\">un mestolo bucato<\/figcaption>\n\t\t\t\t\t\t\t\t\t\t<\/figure>\n\t\t\t\t\t\t\t\t\t<\/div>\n\t\t\t\t<\/div>\n\t\t\t\t\t<\/div>\n\t\t\t\t<\/div>\n\t\t<div class=\"elementor-element elementor-element-e5e4cd6 e-flex e-con-boxed e-con e-parent\" data-id=\"e5e4cd6\" data-element_type=\"container\" data-e-type=\"container\">\n\t\t\t\t\t<div class=\"e-con-inner\">\n\t\t\t\t<div class=\"elementor-element elementor-element-577710a elementor-widget elementor-widget-text-editor\" data-id=\"577710a\" data-element_type=\"widget\" data-e-type=\"widget\" data-widget_type=\"text-editor.default\">\n\t\t\t\t<div class=\"elementor-widget-container\">\n\t\t\t\t\t\t\t\t\t<h6>Perch\u00e9 farlo? Perch\u00e9 la creativit\u00e0 in fotografia \u00e8 il tuo carburante. Le fotocamere evolvono, le ottiche si perfezionano, ma senza uno sguardo personale, tutto resta tecnico, e un po\u2019 sterile. Questo esercizio ti aiuta ad allenare la visione, a rallentare e osservare. A trovare storie dove sembrava non ci fosse nulla. Non serve andare lontano per trovare la bellezza. A volte basta guardare una tazza di caff\u00e8 con occhi nuovi.<\/h6><h6>Se vuoi, crea una mini serie di 3-5 immagini legate all\u2019oggetto che hai scelto e inviacele sulla pagina instagram\u00a0<a href=\"https:\/\/www.instagram.com\/tso_tempo_sogni_ossessioni\/\" target=\"_blank\" rel=\"noopener\" data-cmp-ab=\"2\">@tso_tempo_sogni_ossessioni<\/a>, noi saremo felici di condividere i tuoi scatti nelle nostre storie!<\/h6><h6><b>Buon giugno creativo. Ricorda: la tua macchina fotografica \u00e8 solo uno strumento. L\u2019immaginazione \u00e8 il vero obiettivo.<\/b><\/h6>\t\t\t\t\t\t\t\t<\/div>\n\t\t\t\t<\/div>\n\t\t\t\t\t<\/div>\n\t\t\t\t<\/div>\n\t\t\t\t<\/div>\n\t\t","protected":false},"excerpt":{"rendered":"<p>Un Oggetto, Mille Visioni \u2014 Primo esercizio di Creativit\u00e0 Fotografica Siamo nel mese della creativit\u00e0, e quale occasione migliore per rispolverare la fantasia e dare nuova vita agli oggetti pi\u00f9 semplici? Se sei un fotografo \u2014 che tu stia ancora sperimentando o abbia gi\u00e0 uno zaino pieno di lenti e viaggi \u2014 sai bene che [&hellip;]<\/p>\n","protected":false},"author":1,"featured_media":0,"parent":0,"menu_order":0,"comment_status":"open","ping_status":"closed","template":"","meta":{"_monsterinsights_skip_tracking":false,"_monsterinsights_sitenote_active":false,"_monsterinsights_sitenote_note":"","_monsterinsights_sitenote_category":0,"footnotes":""},"class_list":["post-2701","page","type-page","status-publish","hentry"],"aioseo_notices":[],"_links":{"self":[{"href":"https:\/\/tso-art.com\/index.php?rest_route=\/wp\/v2\/pages\/2701","targetHints":{"allow":["GET"]}}],"collection":[{"href":"https:\/\/tso-art.com\/index.php?rest_route=\/wp\/v2\/pages"}],"about":[{"href":"https:\/\/tso-art.com\/index.php?rest_route=\/wp\/v2\/types\/page"}],"author":[{"embeddable":true,"href":"https:\/\/tso-art.com\/index.php?rest_route=\/wp\/v2\/users\/1"}],"replies":[{"embeddable":true,"href":"https:\/\/tso-art.com\/index.php?rest_route=%2Fwp%2Fv2%2Fcomments&post=2701"}],"version-history":[{"count":5,"href":"https:\/\/tso-art.com\/index.php?rest_route=\/wp\/v2\/pages\/2701\/revisions"}],"predecessor-version":[{"id":2707,"href":"https:\/\/tso-art.com\/index.php?rest_route=\/wp\/v2\/pages\/2701\/revisions\/2707"}],"wp:attachment":[{"href":"https:\/\/tso-art.com\/index.php?rest_route=%2Fwp%2Fv2%2Fmedia&parent=2701"}],"curies":[{"name":"wp","href":"https:\/\/api.w.org\/{rel}","templated":true}]}}