{"id":2444,"date":"2025-05-12T22:42:56","date_gmt":"2025-05-12T20:42:56","guid":{"rendered":"https:\/\/tso-art.com\/?page_id=2444"},"modified":"2025-05-12T22:49:09","modified_gmt":"2025-05-12T20:49:09","slug":"oscar-wilde-il-ritratto-di-dorian-gray-unossessione-scolpita-nella-carne-e-nellanima","status":"publish","type":"page","link":"https:\/\/tso-art.com\/?page_id=2444","title":{"rendered":"Oscar Wilde &#8211; Il ritratto di Dorian Gray: un\u2019ossessione scolpita nella carne e nell\u2019anima."},"content":{"rendered":"\t\t<div data-elementor-type=\"wp-page\" data-elementor-id=\"2444\" class=\"elementor elementor-2444\" data-elementor-post-type=\"page\">\n\t\t\t\t<div class=\"elementor-element elementor-element-a303ab3 e-flex e-con-boxed e-con e-parent\" data-id=\"a303ab3\" data-element_type=\"container\" data-e-type=\"container\">\n\t\t\t\t\t<div class=\"e-con-inner\">\n\t\t\t\t<div class=\"elementor-element elementor-element-c47a447 elementor-widget__width-initial elementor-widget elementor-widget-image\" data-id=\"c47a447\" data-element_type=\"widget\" data-e-type=\"widget\" data-widget_type=\"image.default\">\n\t\t\t\t<div class=\"elementor-widget-container\">\n\t\t\t\t\t\t\t\t\t\t\t\t\t\t\t<img fetchpriority=\"high\" decoding=\"async\" width=\"1000\" height=\"1553\" src=\"https:\/\/tso-art.com\/wp-content\/uploads\/2025\/05\/57.jpeg\" class=\"attachment-full size-full wp-image-2446\" alt=\"\" srcset=\"https:\/\/tso-art.com\/wp-content\/uploads\/2025\/05\/57.jpeg 1000w, https:\/\/tso-art.com\/wp-content\/uploads\/2025\/05\/57-193x300.jpeg 193w, https:\/\/tso-art.com\/wp-content\/uploads\/2025\/05\/57-659x1024.jpeg 659w, https:\/\/tso-art.com\/wp-content\/uploads\/2025\/05\/57-768x1193.jpeg 768w, https:\/\/tso-art.com\/wp-content\/uploads\/2025\/05\/57-989x1536.jpeg 989w\" sizes=\"(max-width: 1000px) 100vw, 1000px\" \/>\t\t\t\t\t\t\t\t\t\t\t\t\t\t\t<\/div>\n\t\t\t\t<\/div>\n\t\t\t\t\t<\/div>\n\t\t\t\t<\/div>\n\t\t<div class=\"elementor-element elementor-element-064538e e-flex e-con-boxed e-con e-parent\" data-id=\"064538e\" data-element_type=\"container\" data-e-type=\"container\">\n\t\t\t\t\t<div class=\"e-con-inner\">\n\t\t\t\t<div class=\"elementor-element elementor-element-63399d1 elementor-widget elementor-widget-heading\" data-id=\"63399d1\" data-element_type=\"widget\" data-e-type=\"widget\" data-widget_type=\"heading.default\">\n\t\t\t\t<div class=\"elementor-widget-container\">\n\t\t\t\t\t<h2 class=\"elementor-heading-title elementor-size-default\">Oscar Wilde: Il ritratto di Dorian Gray<\/h2>\t\t\t\t<\/div>\n\t\t\t\t<\/div>\n\t\t\t\t\t<\/div>\n\t\t\t\t<\/div>\n\t\t<div class=\"elementor-element elementor-element-c0a978e e-flex e-con-boxed e-con e-parent\" data-id=\"c0a978e\" data-element_type=\"container\" data-e-type=\"container\">\n\t\t\t\t\t<div class=\"e-con-inner\">\n\t\t\t\t<div class=\"elementor-element elementor-element-566cb88 elementor-widget elementor-widget-text-editor\" data-id=\"566cb88\" data-element_type=\"widget\" data-e-type=\"widget\" data-widget_type=\"text-editor.default\">\n\t\t\t\t<div class=\"elementor-widget-container\">\n\t\t\t\t\t\t\t\t\t<h5><strong>\u201c[\u2026] Ogni impulso che cerchiamo di soffocare germoglia nel cervello e ci avvelena.\u201d<\/strong><br \/><strong>\u2014 Oscar Wilde.<\/strong><\/h5>\t\t\t\t\t\t\t\t<\/div>\n\t\t\t\t<\/div>\n\t\t\t\t\t<\/div>\n\t\t\t\t<\/div>\n\t\t<div class=\"elementor-element elementor-element-3680b4c e-flex e-con-boxed e-con e-parent\" data-id=\"3680b4c\" data-element_type=\"container\" data-e-type=\"container\">\n\t\t\t\t\t<div class=\"e-con-inner\">\n\t\t\t\t<div class=\"elementor-element elementor-element-a99a2f3 elementor-widget__width-initial elementor-widget elementor-widget-image\" data-id=\"a99a2f3\" data-element_type=\"widget\" data-e-type=\"widget\" data-widget_type=\"image.default\">\n\t\t\t\t<div class=\"elementor-widget-container\">\n\t\t\t\t\t\t\t\t\t\t\t\t\t\t\t<img decoding=\"async\" width=\"1250\" height=\"715\" src=\"https:\/\/tso-art.com\/wp-content\/uploads\/2025\/05\/oscar_wilde-e1481367279504-1250x715-1.jpg\" class=\"attachment-full size-full wp-image-2447\" alt=\"\" srcset=\"https:\/\/tso-art.com\/wp-content\/uploads\/2025\/05\/oscar_wilde-e1481367279504-1250x715-1.jpg 1250w, https:\/\/tso-art.com\/wp-content\/uploads\/2025\/05\/oscar_wilde-e1481367279504-1250x715-1-300x172.jpg 300w, https:\/\/tso-art.com\/wp-content\/uploads\/2025\/05\/oscar_wilde-e1481367279504-1250x715-1-1024x586.jpg 1024w, https:\/\/tso-art.com\/wp-content\/uploads\/2025\/05\/oscar_wilde-e1481367279504-1250x715-1-768x439.jpg 768w\" sizes=\"(max-width: 1250px) 100vw, 1250px\" \/>\t\t\t\t\t\t\t\t\t\t\t\t\t\t\t<\/div>\n\t\t\t\t<\/div>\n\t\t\t\t\t<\/div>\n\t\t\t\t<\/div>\n\t\t<div class=\"elementor-element elementor-element-e9b873c e-flex e-con-boxed e-con e-parent\" data-id=\"e9b873c\" data-element_type=\"container\" data-e-type=\"container\">\n\t\t\t\t\t<div class=\"e-con-inner\">\n\t\t\t\t<div class=\"elementor-element elementor-element-121f051 elementor-widget elementor-widget-text-editor\" data-id=\"121f051\" data-element_type=\"widget\" data-e-type=\"widget\" data-widget_type=\"text-editor.default\">\n\t\t\t\t<div class=\"elementor-widget-container\">\n\t\t\t\t\t\t\t\t\t<h6>Cosa succede quando l\u2019ossessione prende il controllo? Quando un pensiero si trasforma in un chiodo fisso, capace di consumare tutto il resto? <em>Il ritratto di Dorian Gray<\/em>, unico e celebre romanzo di Oscar Wilde, \u00e8 una storia che parla proprio di questo: di desideri che diventano dipendenze, di bellezza che si trasforma in prigione, di un\u2019identit\u00e0 che si sgretola sotto il peso delle proprie fissazioni. \u00c8 un romanzo sull\u2019apparenza, certo, ma soprattutto sulle ossessioni che logorano dall\u2019interno, anche quando all\u2019esterno tutto sembra perfetto.<\/h6><h6>Dorian Gray \u00e8 un giovane bellissimo, ed \u00e8 proprio questa bellezza che scatena la sua prima ossessione: il terrore che un giorno possa svanire. Quando vede il ritratto che il pittore Basil Hallward ha fatto di lui \u2014 un\u2019opera che cattura tutta la sua giovinezza e il suo fascino \u2014 Dorian viene colto da un pensiero ossessivo: perch\u00e9 non pu\u00f2 restare cos\u00ec per sempre? In quel momento, complice l\u2019influenza subdola e affascinante di Lord Henry, nasce il desiderio che lo segner\u00e0 per tutta la vita: restare giovane e immutato, mentre il quadro invecchia al suo posto. Ed \u00e8 proprio l\u00ec che comincia il patto non scritto, la maledizione che cambier\u00e0 tutto.<\/h6><h6>Quella di Dorian non \u00e8 solo un\u2019ossessione per la bellezza: \u00e8 anche un\u2019ossessione per il controllo, per l\u2019impunit\u00e0, per l\u2019idea di poter vivere senza conseguenze. Ogni volta che compie un\u2019azione discutibile o crudele, ogni volta che si lascia travolgere dal piacere o dal vizio, sa che sar\u00e0 il quadro a portarne il peso. Cos\u00ec si sente libero, ma in realt\u00e0 \u00e8 sempre pi\u00f9 prigioniero. Il ritratto nascosto nella stanza buia diventa un simbolo potente dell\u2019ossessione che cresce in silenzio, che si nasconde, ma non scompare. Anzi, si deforma, si incupisce, si fa sempre pi\u00f9 inquietante. \u00c8 l\u2019ossessione incarnata, che lo osserva e lo giudica.<\/h6>\t\t\t\t\t\t\t\t<\/div>\n\t\t\t\t<\/div>\n\t\t\t\t\t<\/div>\n\t\t\t\t<\/div>\n\t\t<div class=\"elementor-element elementor-element-6304b4b e-flex e-con-boxed e-con e-parent\" data-id=\"6304b4b\" data-element_type=\"container\" data-e-type=\"container\">\n\t\t\t\t\t<div class=\"e-con-inner\">\n\t\t\t\t<div class=\"elementor-element elementor-element-acc2e1c elementor-widget__width-initial elementor-widget elementor-widget-image\" data-id=\"acc2e1c\" data-element_type=\"widget\" data-e-type=\"widget\" data-widget_type=\"image.default\">\n\t\t\t\t<div class=\"elementor-widget-container\">\n\t\t\t\t\t\t\t\t\t\t\t\t\t\t\t<img decoding=\"async\" width=\"715\" height=\"1080\" src=\"https:\/\/tso-art.com\/wp-content\/uploads\/2025\/05\/1200px-Lippincott_doriangray.webp\" class=\"attachment-full size-full wp-image-2448\" alt=\"\" srcset=\"https:\/\/tso-art.com\/wp-content\/uploads\/2025\/05\/1200px-Lippincott_doriangray.webp 715w, https:\/\/tso-art.com\/wp-content\/uploads\/2025\/05\/1200px-Lippincott_doriangray-199x300.webp 199w, https:\/\/tso-art.com\/wp-content\/uploads\/2025\/05\/1200px-Lippincott_doriangray-678x1024.webp 678w\" sizes=\"(max-width: 715px) 100vw, 715px\" \/>\t\t\t\t\t\t\t\t\t\t\t\t\t\t\t<\/div>\n\t\t\t\t<\/div>\n\t\t\t\t\t<\/div>\n\t\t\t\t<\/div>\n\t\t<div class=\"elementor-element elementor-element-694d1d1 e-flex e-con-boxed e-con e-parent\" data-id=\"694d1d1\" data-element_type=\"container\" data-e-type=\"container\">\n\t\t\t\t\t<div class=\"e-con-inner\">\n\t\t\t\t<div class=\"elementor-element elementor-element-bd19bfb elementor-widget elementor-widget-text-editor\" data-id=\"bd19bfb\" data-element_type=\"widget\" data-e-type=\"widget\" data-widget_type=\"text-editor.default\">\n\t\t\t\t<div class=\"elementor-widget-container\">\n\t\t\t\t\t\t\t\t\t<h6>L\u2019intera vita di Dorian \u00e8 guidata da ossessioni: quella per l\u2019estetica, per il piacere estremo, per l\u2019apparenza. Colleziona oggetti rari, profumi, tessuti, strumenti musicali. Studia religioni esotiche e filosofie orientali. Ma non lo fa per vera curiosit\u00e0: lo fa perch\u00e9 ha bisogno continuo di stimoli, di novit\u00e0, di qualcosa che lo distragga dal vuoto che sente dentro. \u00c8 un comportamento ossessivo tipico di chi non riesce pi\u00f9 a fermarsi, a respirare, a guardarsi davvero allo specchio. E quando ci prova, quello che vede non \u00e8 il suo volto reale, ma quello dipinto, ormai corrotto e mostruoso.<\/h6><h6>La sua ossessione per il ritratto cresce giorno dopo giorno, diventa una paranoia, una presenza costante. Non riesce a staccarsene, ma non riesce neanche ad affrontarlo. Vive in una doppia realt\u00e0: da un lato l\u2019apparenza impeccabile, dall\u2019altro la coscienza sporca che lo tormenta. \u00c8 l\u2019ossessione che lo rende incapace di amare, di fidarsi, di vivere davvero. Tutto \u00e8 filtrato dal bisogno di mantenere intatta quell\u2019immagine perfetta.<\/h6><h6>E come spesso accade con le ossessioni pi\u00f9 profonde, alla fine Dorian cerca di liberarsene nel modo pi\u00f9 drastico: distruggere il quadro, distruggere la verit\u00e0. Ma \u00e8 un gesto disperato, e fatale. Perch\u00e9 quel ritratto era lui, era la sua coscienza, la sua storia, le sue colpe. E ucciderlo significa uccidere anche se stesso.<\/h6><h6><em>Il ritratto di Dorian Gray<\/em> \u00e8 un romanzo che racconta con eleganza, ironia e crudelt\u00e0 cosa significa vivere sotto il dominio delle ossessioni. \u00c8 attuale oggi pi\u00f9 che mai, in un\u2019epoca in cui l\u2019immagine \u00e8 ovunque, e la pressione di essere perfetti \u2014 giovani, belli, vincenti \u2014 pu\u00f2 diventare un peso insostenibile. Wilde ci mette in guardia con uno stile raffinato ma tagliente: possiamo anche riuscire a nascondere le nostre ossessioni agli altri\u2026 ma non a noi stessi.<\/h6><h6><strong>&#8220;Il ritratto di Dorian Gray&#8221;<\/strong><br \/>\ud83d\udcd6 <strong>Titolo originale<\/strong>: <em>The Picture of Dorian Gray<\/em><br \/>\ud83d\udd8b\ufe0f <strong>Autore<\/strong>: Oscar Wilde<br \/>\ud83d\udcc5 <strong>Prima pubblicazione<\/strong>: 1890 (rivista <em>Lippincott&#8217;s Monthly Magazine<\/em>), versione ampliata nel 1891<br \/><br \/><\/h6>\t\t\t\t\t\t\t\t<\/div>\n\t\t\t\t<\/div>\n\t\t\t\t\t<\/div>\n\t\t\t\t<\/div>\n\t\t\t\t<\/div>\n\t\t","protected":false},"excerpt":{"rendered":"<p>Oscar Wilde: Il ritratto di Dorian Gray \u201c[\u2026] Ogni impulso che cerchiamo di soffocare germoglia nel cervello e ci avvelena.\u201d\u2014 Oscar Wilde. Cosa succede quando l\u2019ossessione prende il controllo? Quando un pensiero si trasforma in un chiodo fisso, capace di consumare tutto il resto? Il ritratto di Dorian Gray, unico e celebre romanzo di Oscar [&hellip;]<\/p>\n","protected":false},"author":1,"featured_media":0,"parent":0,"menu_order":0,"comment_status":"closed","ping_status":"closed","template":"","meta":{"_monsterinsights_skip_tracking":false,"_monsterinsights_sitenote_active":false,"_monsterinsights_sitenote_note":"","_monsterinsights_sitenote_category":0,"footnotes":""},"class_list":["post-2444","page","type-page","status-publish","hentry"],"aioseo_notices":[],"_links":{"self":[{"href":"https:\/\/tso-art.com\/index.php?rest_route=\/wp\/v2\/pages\/2444","targetHints":{"allow":["GET"]}}],"collection":[{"href":"https:\/\/tso-art.com\/index.php?rest_route=\/wp\/v2\/pages"}],"about":[{"href":"https:\/\/tso-art.com\/index.php?rest_route=\/wp\/v2\/types\/page"}],"author":[{"embeddable":true,"href":"https:\/\/tso-art.com\/index.php?rest_route=\/wp\/v2\/users\/1"}],"replies":[{"embeddable":true,"href":"https:\/\/tso-art.com\/index.php?rest_route=%2Fwp%2Fv2%2Fcomments&post=2444"}],"version-history":[{"count":4,"href":"https:\/\/tso-art.com\/index.php?rest_route=\/wp\/v2\/pages\/2444\/revisions"}],"predecessor-version":[{"id":2452,"href":"https:\/\/tso-art.com\/index.php?rest_route=\/wp\/v2\/pages\/2444\/revisions\/2452"}],"wp:attachment":[{"href":"https:\/\/tso-art.com\/index.php?rest_route=%2Fwp%2Fv2%2Fmedia&parent=2444"}],"curies":[{"name":"wp","href":"https:\/\/api.w.org\/{rel}","templated":true}]}}