{"id":2245,"date":"2025-04-07T15:15:48","date_gmt":"2025-04-07T13:15:48","guid":{"rendered":"https:\/\/tso-art.com\/?page_id=2245"},"modified":"2025-04-07T15:24:31","modified_gmt":"2025-04-07T13:24:31","slug":"jonathan-coe-dentro-i-sogni-fuori-dal-tempo-il-labirinto-emozionale-de-la-casa-del-sonno","status":"publish","type":"page","link":"https:\/\/tso-art.com\/?page_id=2245","title":{"rendered":"Jonathan Coe, dentro i sogni, fuori dal tempo: il labirinto emozionale de &#8220;La casa del sonno&#8221;."},"content":{"rendered":"\t\t<div data-elementor-type=\"wp-page\" data-elementor-id=\"2245\" class=\"elementor elementor-2245\" data-elementor-post-type=\"page\">\n\t\t\t\t<div class=\"elementor-element elementor-element-a303ab3 e-flex e-con-boxed e-con e-parent\" data-id=\"a303ab3\" data-element_type=\"container\" data-e-type=\"container\">\n\t\t\t\t\t<div class=\"e-con-inner\">\n\t\t\t\t<div class=\"elementor-element elementor-element-c47a447 elementor-widget__width-initial elementor-widget elementor-widget-image\" data-id=\"c47a447\" data-element_type=\"widget\" data-e-type=\"widget\" data-widget_type=\"image.default\">\n\t\t\t\t<div class=\"elementor-widget-container\">\n\t\t\t\t\t\t\t\t\t\t\t\t\t\t\t<img fetchpriority=\"high\" decoding=\"async\" width=\"665\" height=\"1024\" src=\"https:\/\/tso-art.com\/wp-content\/uploads\/2025\/04\/copertina-gigapixel-high-fidelity-v2-1080h-665x1024.jpg\" class=\"attachment-large size-large wp-image-2247\" alt=\"\" srcset=\"https:\/\/tso-art.com\/wp-content\/uploads\/2025\/04\/copertina-gigapixel-high-fidelity-v2-1080h-665x1024.jpg 665w, https:\/\/tso-art.com\/wp-content\/uploads\/2025\/04\/copertina-gigapixel-high-fidelity-v2-1080h-195x300.jpg 195w, https:\/\/tso-art.com\/wp-content\/uploads\/2025\/04\/copertina-gigapixel-high-fidelity-v2-1080h.jpg 701w\" sizes=\"(max-width: 665px) 100vw, 665px\" \/>\t\t\t\t\t\t\t\t\t\t\t\t\t\t\t<\/div>\n\t\t\t\t<\/div>\n\t\t\t\t\t<\/div>\n\t\t\t\t<\/div>\n\t\t<div class=\"elementor-element elementor-element-c0a978e e-flex e-con-boxed e-con e-parent\" data-id=\"c0a978e\" data-element_type=\"container\" data-e-type=\"container\">\n\t\t\t\t\t<div class=\"e-con-inner\">\n\t\t\t\t<div class=\"elementor-element elementor-element-566cb88 elementor-widget elementor-widget-text-editor\" data-id=\"566cb88\" data-element_type=\"widget\" data-e-type=\"widget\" data-widget_type=\"text-editor.default\">\n\t\t\t\t<div class=\"elementor-widget-container\">\n\t\t\t\t\t\t\t\t\t<h5><strong>[\u2026] I sogni sono la nostra seconda vita. A volte, la pi\u00f9 vera delle due.<\/strong><\/h5>\t\t\t\t\t\t\t\t<\/div>\n\t\t\t\t<\/div>\n\t\t\t\t\t<\/div>\n\t\t\t\t<\/div>\n\t\t<div class=\"elementor-element elementor-element-3680b4c e-flex e-con-boxed e-con e-parent\" data-id=\"3680b4c\" data-element_type=\"container\" data-e-type=\"container\">\n\t\t\t\t\t<div class=\"e-con-inner\">\n\t\t\t\t<div class=\"elementor-element elementor-element-a99a2f3 elementor-widget__width-initial elementor-widget elementor-widget-image\" data-id=\"a99a2f3\" data-element_type=\"widget\" data-e-type=\"widget\" data-widget_type=\"image.default\">\n\t\t\t\t<div class=\"elementor-widget-container\">\n\t\t\t\t\t\t\t\t\t\t\t\t\t\t\t<img decoding=\"async\" width=\"1200\" height=\"800\" src=\"https:\/\/tso-art.com\/wp-content\/uploads\/2025\/04\/Jonathan-Coe.jpg\" class=\"attachment-full size-full wp-image-2248\" alt=\"\" srcset=\"https:\/\/tso-art.com\/wp-content\/uploads\/2025\/04\/Jonathan-Coe.jpg 1200w, https:\/\/tso-art.com\/wp-content\/uploads\/2025\/04\/Jonathan-Coe-300x200.jpg 300w, https:\/\/tso-art.com\/wp-content\/uploads\/2025\/04\/Jonathan-Coe-1024x683.jpg 1024w, https:\/\/tso-art.com\/wp-content\/uploads\/2025\/04\/Jonathan-Coe-768x512.jpg 768w\" sizes=\"(max-width: 1200px) 100vw, 1200px\" \/>\t\t\t\t\t\t\t\t\t\t\t\t\t\t\t<\/div>\n\t\t\t\t<\/div>\n\t\t\t\t\t<\/div>\n\t\t\t\t<\/div>\n\t\t<div class=\"elementor-element elementor-element-e9b873c e-flex e-con-boxed e-con e-parent\" data-id=\"e9b873c\" data-element_type=\"container\" data-e-type=\"container\">\n\t\t\t\t\t<div class=\"e-con-inner\">\n\t\t\t\t<div class=\"elementor-element elementor-element-121f051 elementor-widget elementor-widget-text-editor\" data-id=\"121f051\" data-element_type=\"widget\" data-e-type=\"widget\" data-widget_type=\"text-editor.default\">\n\t\t\t\t<div class=\"elementor-widget-container\">\n\t\t\t\t\t\t\t\t\t<h6>La casa del sonno di Jonathan Coe \u00e8 un romanzo che si legge come si sogna: a occhi aperti, in bilico tra il reale e l\u2019assurdo, tra ricordi che sembrano inventati e sogni che si fanno ossessivamente veri. \u00c8 una storia che si snoda tra passato e presente, tra giovinezza e maturit\u00e0, tra desiderio e frustrazione, e lo fa avvolgendo il lettore in un\u2019atmosfera ipnotica, quasi irreale, dove ogni personaggio porta dentro di s\u00e9 una forma diversa di sonno \u2013 o di fuga.<\/h6><h6>C\u2019\u00e8 Sarah, che soffre di narcolessia e confonde sogni e realt\u00e0 in modo cos\u00ec credibile da far dubitare anche noi di ci\u00f2 che stiamo leggendo. I suoi sogni non sono evasioni leggere, ma vere e proprie invasioni, lampi di verit\u00e0 che irrompono nella sua vita come se fossero rivelazioni divine o condanne da scontare. Poi c\u2019\u00e8 Robert, che non riesce a svegliarsi da un\u2019illusione amorosa lunga anni, e Terry, che disprezza il sonno perch\u00e9 lo considera una perdita di tempo \u2013 quasi un ribelle contro la natura stessa, un uomo che preferisce il cinema ai sogni perch\u00e9, almeno l\u00ec, sa chi sta dirigendo la scena.<\/h6><h6>Tutto accade in una casa, Ashdown, che prima \u00e8 un collegio universitario pieno di aspettative e sbandamenti, poi si trasforma in una clinica del sonno fredda e controllata, dove si studiano gli incubi, si sezionano i sogni, si tenta di spezzare ci\u00f2 che \u00e8 sfuggente per definizione: la parte pi\u00f9 intima e misteriosa dell\u2019anima umana. Jonathan Coe gioca su questo confine con una precisione chirurgica e insieme poetica. Non racconta semplicemente il sonno: lo attraversa, lo interroga, lo rende simbolo di tutto ci\u00f2 che ci sfugge \u2013 l\u2019amore, l\u2019identit\u00e0, il tempo che passa e ci cambia senza avvisare.<\/h6><h6>Eppure, nel cuore di questa storia cos\u00ec cerebrale e straniante, pulsa un\u2019umanit\u00e0 dolente e riconoscibile. Le illusioni giovanili, le incomprensioni, gli amori non corrisposti, i traumi silenziosi che si insinuano nel subconscio e tornano fuori nei sogni, deformati ma insistenti, sono esperienze comuni, raccontate con una scrittura che sa essere tagliente e lirica insieme. La casa del sonno non si limita a raccontare i sogni: ci fa capire quanto profondamente i sogni raccontino noi.<\/h6>\t\t\t\t\t\t\t\t<\/div>\n\t\t\t\t<\/div>\n\t\t\t\t\t<\/div>\n\t\t\t\t<\/div>\n\t\t<div class=\"elementor-element elementor-element-4681c32 e-flex e-con-boxed e-con e-parent\" data-id=\"4681c32\" data-element_type=\"container\" data-e-type=\"container\">\n\t\t\t\t\t<div class=\"e-con-inner\">\n\t\t\t\t<div class=\"elementor-element elementor-element-a28bb16 elementor-widget-divider--view-line elementor-widget elementor-widget-divider\" data-id=\"a28bb16\" data-element_type=\"widget\" data-e-type=\"widget\" data-widget_type=\"divider.default\">\n\t\t\t\t<div class=\"elementor-widget-container\">\n\t\t\t\t\t\t\t<div class=\"elementor-divider\">\n\t\t\t<span class=\"elementor-divider-separator\">\n\t\t\t\t\t\t<\/span>\n\t\t<\/div>\n\t\t\t\t\t\t<\/div>\n\t\t\t\t<\/div>\n\t\t\t\t\t<\/div>\n\t\t\t\t<\/div>\n\t\t<div class=\"elementor-element elementor-element-6ca2d75 e-flex e-con-boxed e-con e-parent\" data-id=\"6ca2d75\" data-element_type=\"container\" data-e-type=\"container\">\n\t\t\t\t\t<div class=\"e-con-inner\">\n\t\t\t\t<div class=\"elementor-element elementor-element-fefc416 elementor-widget__width-initial elementor-widget elementor-widget-image\" data-id=\"fefc416\" data-element_type=\"widget\" data-e-type=\"widget\" data-widget_type=\"image.default\">\n\t\t\t\t<div class=\"elementor-widget-container\">\n\t\t\t\t\t\t\t\t\t\t\t\t\t\t\t<img decoding=\"async\" width=\"650\" height=\"1000\" src=\"https:\/\/tso-art.com\/wp-content\/uploads\/2025\/04\/61XrQIxHPuL._AC_UF10001000_QL80_.jpg\" class=\"attachment-large size-large wp-image-2249\" alt=\"\" srcset=\"https:\/\/tso-art.com\/wp-content\/uploads\/2025\/04\/61XrQIxHPuL._AC_UF10001000_QL80_.jpg 650w, https:\/\/tso-art.com\/wp-content\/uploads\/2025\/04\/61XrQIxHPuL._AC_UF10001000_QL80_-195x300.jpg 195w\" sizes=\"(max-width: 650px) 100vw, 650px\" \/>\t\t\t\t\t\t\t\t\t\t\t\t\t\t\t<\/div>\n\t\t\t\t<\/div>\n\t\t\t\t<div class=\"elementor-element elementor-element-9593c26 elementor-widget elementor-widget-text-editor\" data-id=\"9593c26\" data-element_type=\"widget\" data-e-type=\"widget\" data-widget_type=\"text-editor.default\">\n\t\t\t\t<div class=\"elementor-widget-container\">\n\t\t\t\t\t\t\t\t\t<h6><strong>Autore:<\/strong> Jonathan Coe<br \/><strong>Titolo originale:<\/strong> The House of Sleep<br \/><strong>Traduzione italiana:<\/strong> Domenico Scarpa<br \/><strong>Casa editrice:<\/strong> Feltrinelli<br \/><strong>Numero di pagine:<\/strong> 312<\/h6><h6><strong>Sito web:<\/strong> <a href=\"https:\/\/jonathancoewriter.com\/\" target=\"_blank\" rel=\"noopener\">https:\/\/jonathancoewriter.com\/<\/a><\/h6>\t\t\t\t\t\t\t\t<\/div>\n\t\t\t\t<\/div>\n\t\t\t\t\t<\/div>\n\t\t\t\t<\/div>\n\t\t\t\t<\/div>\n\t\t","protected":false},"excerpt":{"rendered":"<p>[\u2026] I sogni sono la nostra seconda vita. A volte, la pi\u00f9 vera delle due. La casa del sonno di Jonathan Coe \u00e8 un romanzo che si legge come si sogna: a occhi aperti, in bilico tra il reale e l\u2019assurdo, tra ricordi che sembrano inventati e sogni che si fanno ossessivamente veri. \u00c8 una [&hellip;]<\/p>\n","protected":false},"author":1,"featured_media":0,"parent":0,"menu_order":0,"comment_status":"closed","ping_status":"closed","template":"","meta":{"_monsterinsights_skip_tracking":false,"_monsterinsights_sitenote_active":false,"_monsterinsights_sitenote_note":"","_monsterinsights_sitenote_category":0,"footnotes":""},"class_list":["post-2245","page","type-page","status-publish","hentry"],"aioseo_notices":[],"_links":{"self":[{"href":"https:\/\/tso-art.com\/index.php?rest_route=\/wp\/v2\/pages\/2245","targetHints":{"allow":["GET"]}}],"collection":[{"href":"https:\/\/tso-art.com\/index.php?rest_route=\/wp\/v2\/pages"}],"about":[{"href":"https:\/\/tso-art.com\/index.php?rest_route=\/wp\/v2\/types\/page"}],"author":[{"embeddable":true,"href":"https:\/\/tso-art.com\/index.php?rest_route=\/wp\/v2\/users\/1"}],"replies":[{"embeddable":true,"href":"https:\/\/tso-art.com\/index.php?rest_route=%2Fwp%2Fv2%2Fcomments&post=2245"}],"version-history":[{"count":5,"href":"https:\/\/tso-art.com\/index.php?rest_route=\/wp\/v2\/pages\/2245\/revisions"}],"predecessor-version":[{"id":2253,"href":"https:\/\/tso-art.com\/index.php?rest_route=\/wp\/v2\/pages\/2245\/revisions\/2253"}],"wp:attachment":[{"href":"https:\/\/tso-art.com\/index.php?rest_route=%2Fwp%2Fv2%2Fmedia&parent=2245"}],"curies":[{"name":"wp","href":"https:\/\/api.w.org\/{rel}","templated":true}]}}