{"id":1953,"date":"2025-03-07T15:55:27","date_gmt":"2025-03-07T14:55:27","guid":{"rendered":"https:\/\/tso-art.com\/?page_id=1953"},"modified":"2025-03-07T15:57:13","modified_gmt":"2025-03-07T14:57:13","slug":"toshikazu-kawaguchi-finche-il-caffe-e-caldo","status":"publish","type":"page","link":"https:\/\/tso-art.com\/?page_id=1953","title":{"rendered":"Toshikazu Kawaguchi"},"content":{"rendered":"\t\t<div data-elementor-type=\"wp-page\" data-elementor-id=\"1953\" class=\"elementor elementor-1953\" data-elementor-post-type=\"page\">\n\t\t\t\t<div class=\"elementor-element elementor-element-a303ab3 e-flex e-con-boxed e-con e-parent\" data-id=\"a303ab3\" data-element_type=\"container\" data-e-type=\"container\">\n\t\t\t\t\t<div class=\"e-con-inner\">\n\t\t\t\t<div class=\"elementor-element elementor-element-c47a447 elementor-widget__width-initial elementor-widget elementor-widget-image\" data-id=\"c47a447\" data-element_type=\"widget\" data-e-type=\"widget\" data-widget_type=\"image.default\">\n\t\t\t\t<div class=\"elementor-widget-container\">\n\t\t\t\t\t\t\t\t\t\t\t\t\t\t\t<img fetchpriority=\"high\" decoding=\"async\" width=\"536\" height=\"826\" src=\"https:\/\/tso-art.com\/wp-content\/uploads\/2025\/03\/copertina.jpg\" class=\"attachment-large size-large wp-image-1955\" alt=\"\" srcset=\"https:\/\/tso-art.com\/wp-content\/uploads\/2025\/03\/copertina.jpg 536w, https:\/\/tso-art.com\/wp-content\/uploads\/2025\/03\/copertina-195x300.jpg 195w\" sizes=\"(max-width: 536px) 100vw, 536px\" \/>\t\t\t\t\t\t\t\t\t\t\t\t\t\t\t<\/div>\n\t\t\t\t<\/div>\n\t\t\t\t\t<\/div>\n\t\t\t\t<\/div>\n\t\t<div class=\"elementor-element elementor-element-064538e e-flex e-con-boxed e-con e-parent\" data-id=\"064538e\" data-element_type=\"container\" data-e-type=\"container\">\n\t\t\t\t\t<div class=\"e-con-inner\">\n\t\t\t\t<div class=\"elementor-element elementor-element-63399d1 elementor-widget elementor-widget-heading\" data-id=\"63399d1\" data-element_type=\"widget\" data-e-type=\"widget\" data-widget_type=\"heading.default\">\n\t\t\t\t<div class=\"elementor-widget-container\">\n\t\t\t\t\t<h2 class=\"elementor-heading-title elementor-size-default\">Il tempo sospeso nel libro \u201cFinch\u00e9 il caff\u00e8 \u00e8 caldo\u201d di Toshikazu Kawaguchi.<\/h2>\t\t\t\t<\/div>\n\t\t\t\t<\/div>\n\t\t\t\t\t<\/div>\n\t\t\t\t<\/div>\n\t\t<div class=\"elementor-element elementor-element-c0a978e e-flex e-con-boxed e-con e-parent\" data-id=\"c0a978e\" data-element_type=\"container\" data-e-type=\"container\">\n\t\t\t\t\t<div class=\"e-con-inner\">\n\t\t\t\t<div class=\"elementor-element elementor-element-566cb88 elementor-widget elementor-widget-text-editor\" data-id=\"566cb88\" data-element_type=\"widget\" data-e-type=\"widget\" data-widget_type=\"text-editor.default\">\n\t\t\t\t<div class=\"elementor-widget-container\">\n\t\t\t\t\t\t\t\t\t<h5><strong>&#8220;Finch\u00e9 il caff\u00e8 \u00e8 caldo, hai la possibilit\u00e0 di tornare indietro. Ma una volta raffreddato, il tempo \u00e8 finito.&#8221;<\/strong><\/h5>\t\t\t\t\t\t\t\t<\/div>\n\t\t\t\t<\/div>\n\t\t\t\t\t<\/div>\n\t\t\t\t<\/div>\n\t\t<div class=\"elementor-element elementor-element-3680b4c e-flex e-con-boxed e-con e-parent\" data-id=\"3680b4c\" data-element_type=\"container\" data-e-type=\"container\">\n\t\t\t\t\t<div class=\"e-con-inner\">\n\t\t\t\t<div class=\"elementor-element elementor-element-a99a2f3 elementor-widget__width-initial elementor-widget elementor-widget-image\" data-id=\"a99a2f3\" data-element_type=\"widget\" data-e-type=\"widget\" data-widget_type=\"image.default\">\n\t\t\t\t<div class=\"elementor-widget-container\">\n\t\t\t\t\t\t\t\t\t\t\t\t\t\t\t<img decoding=\"async\" width=\"735\" height=\"416\" src=\"https:\/\/tso-art.com\/wp-content\/uploads\/2025\/03\/autore.webp\" class=\"attachment-large size-large wp-image-1956\" alt=\"\" srcset=\"https:\/\/tso-art.com\/wp-content\/uploads\/2025\/03\/autore.webp 735w, https:\/\/tso-art.com\/wp-content\/uploads\/2025\/03\/autore-300x170.webp 300w\" sizes=\"(max-width: 735px) 100vw, 735px\" \/>\t\t\t\t\t\t\t\t\t\t\t\t\t\t\t<\/div>\n\t\t\t\t<\/div>\n\t\t\t\t\t<\/div>\n\t\t\t\t<\/div>\n\t\t<div class=\"elementor-element elementor-element-e9b873c e-flex e-con-boxed e-con e-parent\" data-id=\"e9b873c\" data-element_type=\"container\" data-e-type=\"container\">\n\t\t\t\t\t<div class=\"e-con-inner\">\n\t\t\t\t<div class=\"elementor-element elementor-element-121f051 elementor-widget elementor-widget-text-editor\" data-id=\"121f051\" data-element_type=\"widget\" data-e-type=\"widget\" data-widget_type=\"text-editor.default\">\n\t\t\t\t<div class=\"elementor-widget-container\">\n\t\t\t\t\t\t\t\t\t<h6><em><strong>Finch\u00e9 il caff\u00e8 \u00e8 caldo<\/strong><\/em> \u00e8 un romanzo delicato e toccante dello scrittore giapponese <strong>Toshikazu Kawaguchi<\/strong>, che esplora il tema del tempo e delle seconde possibilit\u00e0. Pubblicato per la prima volta in Giappone nel 2015, il libro \u00e8 diventato rapidamente un successo internazionale grazie alla sua narrazione intima e alla profondit\u00e0 emotiva dei suoi personaggi.<\/h6><h6>Il romanzo \u00e8 ambientato in un piccolo caff\u00e8 di Tokyo, il <strong>Funiculi Funicula<\/strong>, un locale avvolto da un&#8217;atmosfera quasi magica. Si dice che al suo interno esista una sedia speciale che permette di viaggiare nel tempo. Tuttavia, il viaggio \u00e8 regolato da rigide regole: il passato non pu\u00f2 essere cambiato in nessun modo, si pu\u00f2 viaggiare solo per incontrare persone che hanno gi\u00e0 visitato il caff\u00e8, si deve restare seduti sulla sedia per tutta la durata del viaggio e, condizione pi\u00f9 stringente, il tempo a disposizione dura solo fino a quando il caff\u00e8 versato nella tazza \u00e8 ancora caldo.<\/h6><h6>Nonostante queste limitazioni, i personaggi scelgono comunque di intraprendere il loro viaggio, non tanto per modificare il passato, ma per ottenere risposte, chiudere ferite o semplicemente rivivere un momento prezioso.<\/h6>\t\t\t\t\t\t\t\t<\/div>\n\t\t\t\t<\/div>\n\t\t\t\t\t<\/div>\n\t\t\t\t<\/div>\n\t\t<div class=\"elementor-element elementor-element-e66de30 e-flex e-con-boxed e-con e-parent\" data-id=\"e66de30\" data-element_type=\"container\" data-e-type=\"container\">\n\t\t\t\t\t<div class=\"e-con-inner\">\n\t\t\t\t<div class=\"elementor-element elementor-element-6de0de7 elementor-widget elementor-widget-image\" data-id=\"6de0de7\" data-element_type=\"widget\" data-e-type=\"widget\" data-widget_type=\"image.default\">\n\t\t\t\t<div class=\"elementor-widget-container\">\n\t\t\t\t\t\t\t\t\t\t\t\t\t\t\t<img decoding=\"async\" width=\"800\" height=\"450\" src=\"https:\/\/tso-art.com\/wp-content\/uploads\/2025\/03\/autore-con-tazza.jpg\" class=\"attachment-large size-large wp-image-1957\" alt=\"\" srcset=\"https:\/\/tso-art.com\/wp-content\/uploads\/2025\/03\/autore-con-tazza.jpg 800w, https:\/\/tso-art.com\/wp-content\/uploads\/2025\/03\/autore-con-tazza-300x169.jpg 300w, https:\/\/tso-art.com\/wp-content\/uploads\/2025\/03\/autore-con-tazza-768x432.jpg 768w\" sizes=\"(max-width: 800px) 100vw, 800px\" \/>\t\t\t\t\t\t\t\t\t\t\t\t\t\t\t<\/div>\n\t\t\t\t<\/div>\n\t\t\t\t\t<\/div>\n\t\t\t\t<\/div>\n\t\t<div class=\"elementor-element elementor-element-694d1d1 e-flex e-con-boxed e-con e-parent\" data-id=\"694d1d1\" data-element_type=\"container\" data-e-type=\"container\">\n\t\t\t\t\t<div class=\"e-con-inner\">\n\t\t\t\t<div class=\"elementor-element elementor-element-bd19bfb elementor-widget elementor-widget-text-editor\" data-id=\"bd19bfb\" data-element_type=\"widget\" data-e-type=\"widget\" data-widget_type=\"text-editor.default\">\n\t\t\t\t<div class=\"elementor-widget-container\">\n\t\t\t\t\t\t\t\t\t<h6>Il romanzo si articola attraverso <strong>quattro storie<\/strong>, ognuna legata a un diverso personaggio che si avventura nel viaggio nel tempo.<\/h6><h6>Il primo racconto, \u201cLa fidanzata\u201d \u00e8 dedicato al tema del distacco dell protagonista Fumiko da un uomo davvero importante nella sua vita.<\/h6><h6>La seconda storia, &#8220;La moglie&#8221;parla di K\u014dtake, che desidera rivedere il marito affetto da Alzheimer.<\/h6><h6>Nel terzo capitolo, intitolato &#8220;La sorella minore\u201d , viene raccontata la storia di Hirai e del suo rapporto complicato con sua sorella.<\/h6><h6>L\u2019ultimo racconto, sicuramente il pi\u00f9 toccante e quello in cui il concetto del tempo assume una valenza maggiore, Kei, che viaggia intraprende un doloroso viaggio nel futuro per conoscere la figlia che non non \u00e8 sicura di poter crescere.<\/h6><h6>Abbiamo scelto di raccontarvi questo libro perch\u00e9 in esso il tempo gioca un ruolo centrale.\u00a0 Toshikazu Kawaguchi, non offre ai suoi personaggi la possibilit\u00e0 di riscrivere la loro storia, come un romanzo fantastico e surreale avrebbe potuto permettere, ma solo di guardarla con occhi nuovi. Il messaggio dell\u2019autore \u00e8 chiaro: non possiamo sprecare il nostro tempo e le nostre risorse per cambiare il passato, mutiamo piuttosto il modo in cui lo viviamo e lo ricordiamo.<\/h6><h6>Il tempo, nel libro di Kawaguchi, \u00e8 visto come qualcosa di prezioso e fugace, simile al caff\u00e8 nella tazza: se non lo si assapora finch\u00e9 \u00e8 caldo, si rischia di perderlo per sempre.<\/h6><h6><strong>Finch\u00e9 il caff\u00e8 \u00e8 caldo<\/strong> ha dato vita a una serie di altri romanzi, tra cui <strong>Basta un caff\u00e8 per essere felici<\/strong>, <strong>Il primo caff\u00e8 della giornata<\/strong> e <strong>Il caff\u00e8 delle cose lasciate a met\u00e0<\/strong>. Le opere di Kawaguchi sono caratterizzate da una scrittura semplice e profonda, con un forte focus sulle emozioni, il tempo e i rapporti umani.<\/h6>\t\t\t\t\t\t\t\t<\/div>\n\t\t\t\t<\/div>\n\t\t\t\t\t<\/div>\n\t\t\t\t<\/div>\n\t\t<div class=\"elementor-element elementor-element-4681c32 e-flex e-con-boxed e-con e-parent\" data-id=\"4681c32\" data-element_type=\"container\" data-e-type=\"container\">\n\t\t\t\t\t<div class=\"e-con-inner\">\n\t\t\t\t<div class=\"elementor-element elementor-element-a28bb16 elementor-widget-divider--view-line elementor-widget elementor-widget-divider\" data-id=\"a28bb16\" data-element_type=\"widget\" data-e-type=\"widget\" data-widget_type=\"divider.default\">\n\t\t\t\t<div class=\"elementor-widget-container\">\n\t\t\t\t\t\t\t<div class=\"elementor-divider\">\n\t\t\t<span class=\"elementor-divider-separator\">\n\t\t\t\t\t\t<\/span>\n\t\t<\/div>\n\t\t\t\t\t\t<\/div>\n\t\t\t\t<\/div>\n\t\t\t\t\t<\/div>\n\t\t\t\t<\/div>\n\t\t<div class=\"elementor-element elementor-element-457bfd1 e-flex e-con-boxed e-con e-parent\" data-id=\"457bfd1\" data-element_type=\"container\" data-e-type=\"container\">\n\t\t\t\t\t<div class=\"e-con-inner\">\n\t\t\t\t<div class=\"elementor-element elementor-element-e19810f elementor-widget elementor-widget-text-editor\" data-id=\"e19810f\" data-element_type=\"widget\" data-e-type=\"widget\" data-widget_type=\"text-editor.default\">\n\t\t\t\t<div class=\"elementor-widget-container\">\n\t\t\t\t\t\t\t\t\t<h6><strong>Toshikazu Kawaguchi<\/strong> \u00e8 uno scrittore, drammaturgo e sceneggiatore giapponese, nato nel 1971 a Osaka. Prima di dedicarsi alla narrativa, ha lavorato come autore e regista teatrale, facendo parte della compagnia Sonic Snail.<\/h6><h6><strong>Titolo originale:<\/strong> \u30b3\u30fc\u30d2\u30fc\u304c\u51b7\u3081\u306a\u3044\u3046\u3061\u306b (K\u014dh\u012b ga Samenai Uchi ni)<\/h6><h6><strong>Autore:<\/strong> Toshikazu Kawaguchi<\/h6><h6><strong>Anno di pubblicazione:<\/strong> 2015 (Giappone)<\/h6><h6><strong>Prima edizione italiana:<\/strong> 2020<\/h6><h6><strong>Casa editrice:<\/strong> Garzanti<\/h6><h6><strong>Traduttore:<\/strong> Giorgio Amitrano<\/h6><h6><strong>Numero di pagine:<\/strong> Circa 192 (pu\u00f2 variare in base all\u2019edizione)<\/h6><p>\u00a0<\/p><h6><strong>Sito Web:\u00a0<a href=\"https:\/\/www.instagram.com\/kawaguchi.coffee\/\" target=\"_blank\" rel=\"noopener\">Instagram<\/a><\/strong><\/h6>\t\t\t\t\t\t\t\t<\/div>\n\t\t\t\t<\/div>\n\t\t\t\t\t<\/div>\n\t\t\t\t<\/div>\n\t\t\t\t<\/div>\n\t\t","protected":false},"excerpt":{"rendered":"<p>Il tempo sospeso nel libro \u201cFinch\u00e9 il caff\u00e8 \u00e8 caldo\u201d di Toshikazu Kawaguchi. &#8220;Finch\u00e9 il caff\u00e8 \u00e8 caldo, hai la possibilit\u00e0 di tornare indietro. Ma una volta raffreddato, il tempo \u00e8 finito.&#8221; Finch\u00e9 il caff\u00e8 \u00e8 caldo \u00e8 un romanzo delicato e toccante dello scrittore giapponese Toshikazu Kawaguchi, che esplora il tema del tempo e [&hellip;]<\/p>\n","protected":false},"author":1,"featured_media":0,"parent":0,"menu_order":0,"comment_status":"closed","ping_status":"closed","template":"","meta":{"_monsterinsights_skip_tracking":false,"_monsterinsights_sitenote_active":false,"_monsterinsights_sitenote_note":"","_monsterinsights_sitenote_category":0,"footnotes":""},"class_list":["post-1953","page","type-page","status-publish","hentry"],"aioseo_notices":[],"_links":{"self":[{"href":"https:\/\/tso-art.com\/index.php?rest_route=\/wp\/v2\/pages\/1953","targetHints":{"allow":["GET"]}}],"collection":[{"href":"https:\/\/tso-art.com\/index.php?rest_route=\/wp\/v2\/pages"}],"about":[{"href":"https:\/\/tso-art.com\/index.php?rest_route=\/wp\/v2\/types\/page"}],"author":[{"embeddable":true,"href":"https:\/\/tso-art.com\/index.php?rest_route=\/wp\/v2\/users\/1"}],"replies":[{"embeddable":true,"href":"https:\/\/tso-art.com\/index.php?rest_route=%2Fwp%2Fv2%2Fcomments&post=1953"}],"version-history":[{"count":5,"href":"https:\/\/tso-art.com\/index.php?rest_route=\/wp\/v2\/pages\/1953\/revisions"}],"predecessor-version":[{"id":1961,"href":"https:\/\/tso-art.com\/index.php?rest_route=\/wp\/v2\/pages\/1953\/revisions\/1961"}],"wp:attachment":[{"href":"https:\/\/tso-art.com\/index.php?rest_route=%2Fwp%2Fv2%2Fmedia&parent=1953"}],"curies":[{"name":"wp","href":"https:\/\/api.w.org\/{rel}","templated":true}]}}