{"id":1180,"date":"2025-01-22T16:21:20","date_gmt":"2025-01-22T15:21:20","guid":{"rendered":"https:\/\/tso-art.com\/?page_id=1180"},"modified":"2025-01-24T09:40:59","modified_gmt":"2025-01-24T08:40:59","slug":"cristiano-godano","status":"publish","type":"page","link":"https:\/\/tso-art.com\/?page_id=1180","title":{"rendered":"Cristiano Godano"},"content":{"rendered":"\t\t<div data-elementor-type=\"wp-page\" data-elementor-id=\"1180\" class=\"elementor elementor-1180\" data-elementor-post-type=\"page\">\n\t\t\t\t<div class=\"elementor-element elementor-element-6730fe1 e-flex e-con-boxed e-con e-parent\" data-id=\"6730fe1\" data-element_type=\"container\" data-e-type=\"container\">\n\t\t\t\t\t<div class=\"e-con-inner\">\n\t\t\t\t<div class=\"elementor-element elementor-element-92785be elementor-widget__width-initial elementor-position-top elementor-widget elementor-widget-image-box\" data-id=\"92785be\" data-element_type=\"widget\" data-e-type=\"widget\" data-widget_type=\"image-box.default\">\n\t\t\t\t<div class=\"elementor-widget-container\">\n\t\t\t\t\t<div class=\"elementor-image-box-wrapper\"><figure class=\"elementor-image-box-img\"><img fetchpriority=\"high\" decoding=\"async\" width=\"536\" height=\"761\" src=\"https:\/\/tso-art.com\/wp-content\/uploads\/2025\/01\/9788893950336_0_0_536_0_75.jpg\" class=\"attachment-full size-full wp-image-1181\" alt=\"\" srcset=\"https:\/\/tso-art.com\/wp-content\/uploads\/2025\/01\/9788893950336_0_0_536_0_75.jpg 536w, https:\/\/tso-art.com\/wp-content\/uploads\/2025\/01\/9788893950336_0_0_536_0_75-211x300.jpg 211w\" sizes=\"(max-width: 536px) 100vw, 536px\" \/><\/figure><div class=\"elementor-image-box-content\"><h3 class=\"elementor-image-box-title\">Cristiano Godano: Nuotando nell'aria<\/h3><\/div><\/div>\t\t\t\t<\/div>\n\t\t\t\t<\/div>\n\t\t<div class=\"elementor-element elementor-element-0ea85ca e-flex e-con-boxed e-con e-child\" data-id=\"0ea85ca\" data-element_type=\"container\" data-e-type=\"container\">\n\t\t\t\t\t<div class=\"e-con-inner\">\n\t\t\t\t<div class=\"elementor-element elementor-element-cfd730a elementor-widget elementor-widget-text-editor\" data-id=\"cfd730a\" data-element_type=\"widget\" data-e-type=\"widget\" data-widget_type=\"text-editor.default\">\n\t\t\t\t<div class=\"elementor-widget-container\">\n\t\t\t\t\t\t\t\t\t<h6>Cristiano Godano, leader e voce dei Marlene Kuntz, firma con <em><b>Nuotando nell&#8217;aria<\/b><\/em> un&#8217;opera che va oltre il semplice memoir musicale: \u00e8 una narrazione intima e appassionata, dove il passato si mescola al presente in un flusso di riflessioni, ricordi e analisi profonde sulla vita e sull&#8217;arte.<\/h6><h6>Il titolo, evocativo e immediatamente riconoscibile per i fan della band, richiama una delle canzoni pi\u00f9 amate dei Marlene Kuntz, e non a caso: il libro \u00e8 in parte un omaggio alla loro storia, ma \u00e8 anche una meditazione sul significato della creativit\u00e0, del successo e della vulnerabilit\u00e0 umana.<\/h6>\t\t\t\t\t\t\t\t<\/div>\n\t\t\t\t<\/div>\n\t\t\t\t\t<\/div>\n\t\t\t\t<\/div>\n\t\t\t\t\t<\/div>\n\t\t\t\t<\/div>\n\t\t<div class=\"elementor-element elementor-element-0753023 e-flex e-con-boxed e-con e-parent\" data-id=\"0753023\" data-element_type=\"container\" data-e-type=\"container\">\n\t\t\t\t\t<div class=\"e-con-inner\">\n\t\t\t\t<div class=\"elementor-element elementor-element-e51c15b elementor-widget__width-initial elementor-widget elementor-widget-image\" data-id=\"e51c15b\" data-element_type=\"widget\" data-e-type=\"widget\" data-widget_type=\"image.default\">\n\t\t\t\t<div class=\"elementor-widget-container\">\n\t\t\t\t\t\t\t\t\t\t\t\t<figure class=\"wp-caption\">\n\t\t\t\t\t\t\t\t\t\t<img decoding=\"async\" width=\"800\" height=\"534\" src=\"https:\/\/tso-art.com\/wp-content\/uploads\/2025\/01\/P1001438-1024x683.webp\" class=\"attachment-large size-large wp-image-1182\" alt=\"\" srcset=\"https:\/\/tso-art.com\/wp-content\/uploads\/2025\/01\/P1001438-1024x683.webp 1024w, https:\/\/tso-art.com\/wp-content\/uploads\/2025\/01\/P1001438-300x200.webp 300w, https:\/\/tso-art.com\/wp-content\/uploads\/2025\/01\/P1001438-768x512.webp 768w, https:\/\/tso-art.com\/wp-content\/uploads\/2025\/01\/P1001438.webp 1080w\" sizes=\"(max-width: 800px) 100vw, 800px\" \/>\t\t\t\t\t\t\t\t\t\t\t<figcaption class=\"widget-image-caption wp-caption-text\">\u00a9 Samuele Meggiolaro<\/figcaption>\n\t\t\t\t\t\t\t\t\t\t<\/figure>\n\t\t\t\t\t\t\t\t\t<\/div>\n\t\t\t\t<\/div>\n\t\t\t\t\t<\/div>\n\t\t\t\t<\/div>\n\t\t<div class=\"elementor-element elementor-element-d529ebe e-flex e-con-boxed e-con e-parent\" data-id=\"d529ebe\" data-element_type=\"container\" data-e-type=\"container\">\n\t\t\t\t\t<div class=\"e-con-inner\">\n\t\t\t\t<div class=\"elementor-element elementor-element-9b76e35 elementor-widget elementor-widget-text-editor\" data-id=\"9b76e35\" data-element_type=\"widget\" data-e-type=\"widget\" data-widget_type=\"text-editor.default\">\n\t\t\t\t<div class=\"elementor-widget-container\">\n\t\t\t\t\t\t\t\t\t<h6>La struttura del libro \u00e8 volutamente libera e non lineare, un approccio che riflette il carattere riflessivo e introspettivo dell&#8217;autore. Godano alterna episodi personali, dalla sua infanzia a Fossano agli anni di formazione come musicista, passando per il successo dei Marlene Kuntz e la trasformazione del panorama musicale italiano.<\/h6><h6>Un tema ricorrente \u00e8 il valore della parola, sia nel processo di scrittura delle canzoni sia come strumento per dare senso all&#8217;esperienza. Godano racconta con precisione e sensibilit\u00e0 come nascono i suoi testi, il loro rapporto con la musica e l&#8217;importanza di trovare la giusta armonia tra forma e contenuto. Questo aspetto del libro \u00e8 particolarmente affascinante per chiunque ami la scrittura o sia incuriosito dal processo creativo di un artista.<\/h6><h6>Le pagine dedicate alla genesi di brani iconici come <em>Nuotando nell&#8217;aria<\/em> o <em>Lieve<\/em> non sono solo ricche di dettagli, ma anche cariche di emozione. Godano descrive le sue fonti di ispirazione, le incertezze e le gioie di comporre musica in un modo che rende tangibile la sua passione per l&#8217;arte.<\/h6>\t\t\t\t\t\t\t\t<\/div>\n\t\t\t\t<\/div>\n\t\t\t\t\t<\/div>\n\t\t\t\t<\/div>\n\t\t<div class=\"elementor-element elementor-element-f305097 e-flex e-con-boxed e-con e-parent\" data-id=\"f305097\" data-element_type=\"container\" data-e-type=\"container\">\n\t\t\t\t\t<div class=\"e-con-inner\">\n\t\t\t\t<div class=\"elementor-element elementor-element-11fbd8c elementor-widget__width-initial elementor-widget elementor-widget-image\" data-id=\"11fbd8c\" data-element_type=\"widget\" data-e-type=\"widget\" data-widget_type=\"image.default\">\n\t\t\t\t<div class=\"elementor-widget-container\">\n\t\t\t\t\t\t\t\t\t\t\t\t<figure class=\"wp-caption\">\n\t\t\t\t\t\t\t\t\t\t<img decoding=\"async\" width=\"800\" height=\"534\" src=\"https:\/\/tso-art.com\/wp-content\/uploads\/2025\/01\/P1001253-1024x683.webp\" class=\"attachment-large size-large wp-image-1183\" alt=\"\" srcset=\"https:\/\/tso-art.com\/wp-content\/uploads\/2025\/01\/P1001253-1024x683.webp 1024w, https:\/\/tso-art.com\/wp-content\/uploads\/2025\/01\/P1001253-300x200.webp 300w, https:\/\/tso-art.com\/wp-content\/uploads\/2025\/01\/P1001253-768x512.webp 768w, https:\/\/tso-art.com\/wp-content\/uploads\/2025\/01\/P1001253.webp 1080w\" sizes=\"(max-width: 800px) 100vw, 800px\" \/>\t\t\t\t\t\t\t\t\t\t\t<figcaption class=\"widget-image-caption wp-caption-text\">\u00a9 Samuele Meggiolaro<\/figcaption>\n\t\t\t\t\t\t\t\t\t\t<\/figure>\n\t\t\t\t\t\t\t\t\t<\/div>\n\t\t\t\t<\/div>\n\t\t\t\t\t<\/div>\n\t\t\t\t<\/div>\n\t\t<div class=\"elementor-element elementor-element-1af8c12 e-flex e-con-boxed e-con e-parent\" data-id=\"1af8c12\" data-element_type=\"container\" data-e-type=\"container\">\n\t\t\t\t\t<div class=\"e-con-inner\">\n\t\t\t\t<div class=\"elementor-element elementor-element-337784b elementor-widget elementor-widget-text-editor\" data-id=\"337784b\" data-element_type=\"widget\" data-e-type=\"widget\" data-widget_type=\"text-editor.default\">\n\t\t\t\t<div class=\"elementor-widget-container\">\n\t\t\t\t\t\t\t\t\t<h6>Lo stile di Godano \u00e8 denso, ricco e poetico, come i testi delle sue canzoni. Il linguaggio scelto non \u00e8 mai banale: ogni parola sembra essere ponderata con cura per comunicare non solo un messaggio, ma anche un&#8217;emozione. Tuttavia, questa complessit\u00e0 pu\u00f2 rendere alcuni passaggi meno accessibili per chi preferisce una narrazione pi\u00f9 lineare e immediata.<\/h6><h6>Non mancano riflessioni filosofiche e intime sul rapporto tra pubblico e artista, sul senso del tempo e sulle trasformazioni della societ\u00e0. Godano non si limita a raccontare la propria esperienza: invita il lettore a interrogarsi sul valore della creativit\u00e0 e sulla capacit\u00e0 dell&#8217;arte di toccare le corde pi\u00f9 profonde dell&#8217;animo umano.<\/h6>\t\t\t\t\t\t\t\t<\/div>\n\t\t\t\t<\/div>\n\t\t\t\t\t<\/div>\n\t\t\t\t<\/div>\n\t\t<div class=\"elementor-element elementor-element-6c1cec8 e-flex e-con-boxed e-con e-parent\" data-id=\"6c1cec8\" data-element_type=\"container\" data-e-type=\"container\">\n\t\t\t\t\t<div class=\"e-con-inner\">\n\t\t\t\t<div class=\"elementor-element elementor-element-15cc693 elementor-widget__width-initial elementor-widget elementor-widget-image\" data-id=\"15cc693\" data-element_type=\"widget\" data-e-type=\"widget\" data-widget_type=\"image.default\">\n\t\t\t\t<div class=\"elementor-widget-container\">\n\t\t\t\t\t\t\t\t\t\t\t\t<figure class=\"wp-caption\">\n\t\t\t\t\t\t\t\t\t\t<img loading=\"lazy\" decoding=\"async\" width=\"800\" height=\"534\" src=\"https:\/\/tso-art.com\/wp-content\/uploads\/2025\/01\/P1012049-1024x683.webp\" class=\"attachment-large size-large wp-image-1184\" alt=\"\" srcset=\"https:\/\/tso-art.com\/wp-content\/uploads\/2025\/01\/P1012049-1024x683.webp 1024w, https:\/\/tso-art.com\/wp-content\/uploads\/2025\/01\/P1012049-300x200.webp 300w, https:\/\/tso-art.com\/wp-content\/uploads\/2025\/01\/P1012049-768x512.webp 768w, https:\/\/tso-art.com\/wp-content\/uploads\/2025\/01\/P1012049.webp 1080w\" sizes=\"(max-width: 800px) 100vw, 800px\" \/>\t\t\t\t\t\t\t\t\t\t\t<figcaption class=\"widget-image-caption wp-caption-text\">\u00a9 Samuele Meggiolaro<\/figcaption>\n\t\t\t\t\t\t\t\t\t\t<\/figure>\n\t\t\t\t\t\t\t\t\t<\/div>\n\t\t\t\t<\/div>\n\t\t\t\t\t<\/div>\n\t\t\t\t<\/div>\n\t\t<div class=\"elementor-element elementor-element-bdf7b07 e-flex e-con-boxed e-con e-parent\" data-id=\"bdf7b07\" data-element_type=\"container\" data-e-type=\"container\">\n\t\t\t\t\t<div class=\"e-con-inner\">\n\t\t\t\t<div class=\"elementor-element elementor-element-69ad4e6 elementor-widget elementor-widget-text-editor\" data-id=\"69ad4e6\" data-element_type=\"widget\" data-e-type=\"widget\" data-widget_type=\"text-editor.default\">\n\t\t\t\t<div class=\"elementor-widget-container\">\n\t\t\t\t\t\t\t\t\t<h6>\u00a0<\/h6><h6><strong>La musica come arte e mestiere<\/strong>: Godano esplora il processo di composizione musicale e lirica, sottolineando il ruolo della dedizione e dell&#8217;autenticit\u00e0.<\/h6><h6><strong>La vulnerabilit\u00e0 dell&#8217;artista<\/strong>: Condivide momenti di fragilit\u00e0 e dubbi, mostrando il lato umano dietro l&#8217;immagine pubblica.<\/h6><h6><strong>La memoria e il tempo<\/strong>: Molti capitoli sono dedicati al ricordo e alla nostalgia, ma sempre con uno sguardo rivolto al futuro.<\/h6><h6><strong>L&#8217;ispirazione<\/strong>: Godano riflette sulle sue fonti di ispirazione, dalla letteratura alla quotidianit\u00e0, e sul modo in cui queste influenzano la sua arte.<\/h6>\t\t\t\t\t\t\t\t<\/div>\n\t\t\t\t<\/div>\n\t\t\t\t\t<\/div>\n\t\t\t\t<\/div>\n\t\t<div class=\"elementor-element elementor-element-53fb610 e-flex e-con-boxed e-con e-parent\" data-id=\"53fb610\" data-element_type=\"container\" data-e-type=\"container\">\n\t\t\t\t\t<div class=\"e-con-inner\">\n\t\t\t\t<div class=\"elementor-element elementor-element-8ab1ab4 elementor-widget__width-initial elementor-widget elementor-widget-image\" data-id=\"8ab1ab4\" data-element_type=\"widget\" data-e-type=\"widget\" data-widget_type=\"image.default\">\n\t\t\t\t<div class=\"elementor-widget-container\">\n\t\t\t\t\t\t\t\t\t\t\t\t<figure class=\"wp-caption\">\n\t\t\t\t\t\t\t\t\t\t<img loading=\"lazy\" decoding=\"async\" width=\"800\" height=\"534\" src=\"https:\/\/tso-art.com\/wp-content\/uploads\/2025\/01\/P1001340-1024x683.webp\" class=\"attachment-large size-large wp-image-1185\" alt=\"\" srcset=\"https:\/\/tso-art.com\/wp-content\/uploads\/2025\/01\/P1001340-1024x683.webp 1024w, https:\/\/tso-art.com\/wp-content\/uploads\/2025\/01\/P1001340-300x200.webp 300w, https:\/\/tso-art.com\/wp-content\/uploads\/2025\/01\/P1001340-768x512.webp 768w, https:\/\/tso-art.com\/wp-content\/uploads\/2025\/01\/P1001340.webp 1080w\" sizes=\"(max-width: 800px) 100vw, 800px\" \/>\t\t\t\t\t\t\t\t\t\t\t<figcaption class=\"widget-image-caption wp-caption-text\">\u00a9 Samuele Meggiolaro<\/figcaption>\n\t\t\t\t\t\t\t\t\t\t<\/figure>\n\t\t\t\t\t\t\t\t\t<\/div>\n\t\t\t\t<\/div>\n\t\t\t\t\t<\/div>\n\t\t\t\t<\/div>\n\t\t<div class=\"elementor-element elementor-element-2efd0bc e-flex e-con-boxed e-con e-parent\" data-id=\"2efd0bc\" data-element_type=\"container\" data-e-type=\"container\">\n\t\t\t\t\t<div class=\"e-con-inner\">\n\t\t\t\t<div class=\"elementor-element elementor-element-df0e986 elementor-widget elementor-widget-text-editor\" data-id=\"df0e986\" data-element_type=\"widget\" data-e-type=\"widget\" data-widget_type=\"text-editor.default\">\n\t\t\t\t<div class=\"elementor-widget-container\">\n\t\t\t\t\t\t\t\t\t<h6><b><em>Nuotando nell&#8217;aria<\/em> <\/b>\u00e8 un&#8217;opera che si legge con lentezza e attenzione, per assaporare ogni parola e ogni riflessione. \u00c8 un libro che parla a chi ama la musica, la poesia e la profondit\u00e0 emotiva. La sincerit\u00e0 di Godano emerge in ogni pagina, rendendo questo memoir un\u2019esperienza coinvolgente e ispiratrice.<\/h6><h6><strong>Titolo<\/strong>: <em>Nuotando nell&#8217;aria<\/em><\/h6><h6><strong>Autore<\/strong>: Cristiano Godano<\/h6><h6><strong>Casa Editrice<\/strong>: La nave di Teseo<\/h6><h6><strong>Anno di pubblicazione<\/strong>: 2020<\/h6><h6><strong>EAN<\/strong>: 9788893950336<\/h6><h6><strong>Genere<\/strong>: Memoir, Riflessioni artistiche e personali<\/h6><h6><strong>Numero di pagine<\/strong>: 350 p., Brossura<\/h6><p>\u00a0<\/p><h6><b>Se sei un appassionato dei Marlene Kuntz o un amante dell&#8217;arte in tutte le sue forme, questo libro rappresenta un viaggio emotivo e intellettuale che non ti deluder\u00e0<\/b>.<\/h6>\t\t\t\t\t\t\t\t<\/div>\n\t\t\t\t<\/div>\n\t\t\t\t\t<\/div>\n\t\t\t\t<\/div>\n\t\t\t\t<\/div>\n\t\t","protected":false},"excerpt":{"rendered":"<p>Cristiano Godano: Nuotando nell&#8217;aria Cristiano Godano, leader e voce dei Marlene Kuntz, firma con Nuotando nell&#8217;aria un&#8217;opera che va oltre il semplice memoir musicale: \u00e8 una narrazione intima e appassionata, dove il passato si mescola al presente in un flusso di riflessioni, ricordi e analisi profonde sulla vita e sull&#8217;arte. Il titolo, evocativo e immediatamente [&hellip;]<\/p>\n","protected":false},"author":1,"featured_media":0,"parent":0,"menu_order":0,"comment_status":"closed","ping_status":"closed","template":"","meta":{"_monsterinsights_skip_tracking":false,"_monsterinsights_sitenote_active":false,"_monsterinsights_sitenote_note":"","_monsterinsights_sitenote_category":0,"footnotes":""},"class_list":["post-1180","page","type-page","status-publish","hentry"],"aioseo_notices":[],"_links":{"self":[{"href":"https:\/\/tso-art.com\/index.php?rest_route=\/wp\/v2\/pages\/1180","targetHints":{"allow":["GET"]}}],"collection":[{"href":"https:\/\/tso-art.com\/index.php?rest_route=\/wp\/v2\/pages"}],"about":[{"href":"https:\/\/tso-art.com\/index.php?rest_route=\/wp\/v2\/types\/page"}],"author":[{"embeddable":true,"href":"https:\/\/tso-art.com\/index.php?rest_route=\/wp\/v2\/users\/1"}],"replies":[{"embeddable":true,"href":"https:\/\/tso-art.com\/index.php?rest_route=%2Fwp%2Fv2%2Fcomments&post=1180"}],"version-history":[{"count":16,"href":"https:\/\/tso-art.com\/index.php?rest_route=\/wp\/v2\/pages\/1180\/revisions"}],"predecessor-version":[{"id":1234,"href":"https:\/\/tso-art.com\/index.php?rest_route=\/wp\/v2\/pages\/1180\/revisions\/1234"}],"wp:attachment":[{"href":"https:\/\/tso-art.com\/index.php?rest_route=%2Fwp%2Fv2%2Fmedia&parent=1180"}],"curies":[{"name":"wp","href":"https:\/\/api.w.org\/{rel}","templated":true}]}}